{"id":619,"date":"2018-06-02T08:35:11","date_gmt":"2018-06-02T06:35:11","guid":{"rendered":"https:\/\/www.kaiser-fashion.de\/production\/normes-sociales"},"modified":"2018-06-02T11:24:26","modified_gmt":"2018-06-02T09:24:26","slug":"normes-sociales","status":"publish","type":"page","link":"https:\/\/www.kaiser-fashion.de\/fr\/production\/normes-sociales\/","title":{"rendered":"NORMES SOCIALES"},"content":{"rendered":"<div class=\"fusion-fullwidth fullwidth-box fusion-builder-row-1 nonhundred-percent-fullwidth non-hundred-percent-height-scrolling\" style=\"--awb-background-position:left top;--awb-border-radius-top-left:0px;--awb-border-radius-top-right:0px;--awb-border-radius-bottom-right:0px;--awb-border-radius-bottom-left:0px;--awb-padding-top:20px;--awb-padding-bottom:20px;--awb-border-sizes-top:0px;--awb-border-sizes-bottom:0px;--awb-flex-wrap:wrap;\" ><div class=\"fusion-builder-row fusion-row\"><div class=\"fusion-layout-column fusion_builder_column fusion-builder-column-0 fusion_builder_column_1_1 1_1 fusion-one-full fusion-column-first fusion-column-last fusion-column-no-min-height\" style=\"--awb-bg-size:cover;--awb-margin-bottom:0px;\"><div class=\"fusion-column-wrapper fusion-flex-column-wrapper-legacy\"><div class=\"fusion-title title fusion-title-1 sep-underline sep-solid fusion-title-text fusion-title-size-two\"><h2 class=\"fusion-title-heading title-heading-left\" style=\"margin:0;\">Kaiser &#8211; Membre de \u00ab\u00a0BSCI\u00a0\u00bb<\/h2><\/div><div class=\"fusion-clearfix\"><\/div><\/div><\/div><div class=\"fusion-layout-column fusion_builder_column fusion-builder-column-1 fusion_builder_column_1_2 1_2 fusion-one-half fusion-column-first\" style=\"--awb-bg-size:cover;width:48%; margin-right: 4%;\"><div class=\"fusion-column-wrapper fusion-flex-column-wrapper-legacy\"><div class=\"fusion-text fusion-text-1\"><p>Kaiser reconna\u00eet \u00a0sa responsabilit\u00e9 sociale dans le processus global de production et de commerce. C\u2019est pour cette raison que Kaiser est membre de la BSCI, une initiative internationale visant \u00e0 promouvoir le respect de certaines normes sociales et environnementales.<\/p>\n<p><strong>Code de conduite BSCI<\/strong><\/p>\n<p>Le Code de conduite BSCI est bas\u00e9 sur les conventions suivantes\u00a0: l&rsquo;Organisation Internationale du Travail (OIT), la D\u00e9claration des Droits de l&rsquo;Homme des Etats-Unis, la Convention des Nations Unies concernant les droits des enfants et l&rsquo;\u00e9limination de toute forme de discrimination \u00e0 l\u2019encontre des femmes, le Pacte mondial des Nations Unies et les Principes directeurs de l\u2019OCDE.<\/p>\n<p><strong>Sujets principaux:<\/strong><\/p>\n<ul>\n<li>respect des lois<\/li>\n<li>libert\u00e9 de r\u00e9union et droit de n\u00e9gociation collective<\/li>\n<li>interdiction de la discrimination<\/li>\n<li>les salaires<\/li>\n<li>les heures de travail<\/li>\n<li>sant\u00e9 et s\u00e9curit\u00e9 au travail<\/li>\n<li>interdiction du travail des enfants<\/li>\n<li>interdiction du travail forc\u00e9 et mesures disciplinaires<\/li>\n<li>probl\u00e8mes de s\u00e9curit\u00e9 et d\u2019environnement<\/li>\n<li>les syst\u00e8mes de gestion<\/li>\n<\/ul>\n<p>Plus d&rsquo;informations sur le site de l&rsquo;initiative: <a href=\"http:\/\/www.bsci-intl.org\/\">http:\/\/www.bsci-intl.org\/<\/a><\/p>\n<\/div><div class=\"fusion-clearfix\"><\/div><\/div><\/div><div class=\"fusion-layout-column fusion_builder_column fusion-builder-column-2 fusion_builder_column_1_2 1_2 fusion-one-half fusion-column-last\" style=\"--awb-bg-size:cover;width:48%;\"><div class=\"fusion-column-wrapper fusion-flex-column-wrapper-legacy\"><div class=\"fusion-image-element in-legacy-container\" style=\"--awb-caption-title-font-family:var(--h2_typography-font-family);--awb-caption-title-font-weight:var(--h2_typography-font-weight);--awb-caption-title-font-style:var(--h2_typography-font-style);--awb-caption-title-size:var(--h2_typography-font-size);--awb-caption-title-transform:var(--h2_typography-text-transform);--awb-caption-title-line-height:var(--h2_typography-line-height);--awb-caption-title-letter-spacing:var(--h2_typography-letter-spacing);\"><span class=\" fusion-imageframe imageframe-none imageframe-1 hover-type-none\"><img decoding=\"async\" width=\"1230\" height=\"484\" title=\"bsciar0708\" src=\"https:\/\/www.kaiser-fashion.de\/wp-content\/uploads\/2016\/08\/bsciar0708.jpg\" data-orig-src=\"https:\/\/www.kaiser-fashion.de\/wp-content\/uploads\/2016\/08\/bsciar0708.jpg\" alt class=\"lazyload img-responsive wp-image-281\" srcset=\"data:image\/svg+xml,%3Csvg%20xmlns%3D%27http%3A%2F%2Fwww.w3.org%2F2000%2Fsvg%27%20width%3D%271230%27%20height%3D%27484%27%20viewBox%3D%270%200%201230%20484%27%3E%3Crect%20width%3D%271230%27%20height%3D%27484%27%20fill-opacity%3D%220%22%2F%3E%3C%2Fsvg%3E\" data-srcset=\"https:\/\/www.kaiser-fashion.de\/wp-content\/uploads\/2016\/08\/bsciar0708-200x79.jpg 200w, https:\/\/www.kaiser-fashion.de\/wp-content\/uploads\/2016\/08\/bsciar0708-400x157.jpg 400w, https:\/\/www.kaiser-fashion.de\/wp-content\/uploads\/2016\/08\/bsciar0708-600x236.jpg 600w, https:\/\/www.kaiser-fashion.de\/wp-content\/uploads\/2016\/08\/bsciar0708-800x315.jpg 800w, https:\/\/www.kaiser-fashion.de\/wp-content\/uploads\/2016\/08\/bsciar0708-1200x472.jpg 1200w, https:\/\/www.kaiser-fashion.de\/wp-content\/uploads\/2016\/08\/bsciar0708.jpg 1230w\" data-sizes=\"auto\" data-orig-sizes=\"(max-width: 1024px) 100vw, 600px\" \/><\/span><\/div><div class=\"fusion-clearfix\"><\/div><\/div><\/div><\/div><\/div>\n","protected":false},"excerpt":{"rendered":"","protected":false},"author":1,"featured_media":0,"parent":611,"menu_order":1,"comment_status":"closed","ping_status":"closed","template":"","meta":{"footnotes":""},"class_list":["post-619","page","type-page","status-publish","hentry"],"yoast_head":"<!-- This site is optimized with the Yoast SEO plugin v26.8 - https:\/\/yoast.com\/product\/yoast-seo-wordpress\/ -->\n<title>NORMES SOCIALES - Kaiser Fashion Kleinheubach, HAKA Germany<\/title>\n<meta name=\"robots\" content=\"index, follow, max-snippet:-1, max-image-preview:large, max-video-preview:-1\" \/>\n<link rel=\"canonical\" href=\"https:\/\/www.kaiser-fashion.de\/fr\/production\/normes-sociales\/\" \/>\n<meta property=\"og:locale\" content=\"fr_FR\" \/>\n<meta property=\"og:type\" content=\"article\" \/>\n<meta property=\"og:title\" content=\"NORMES SOCIALES - Kaiser Fashion Kleinheubach, HAKA Germany\" \/>\n<meta property=\"og:url\" content=\"https:\/\/www.kaiser-fashion.de\/fr\/production\/normes-sociales\/\" \/>\n<meta property=\"og:site_name\" content=\"Kaiser Fashion Kleinheubach, HAKA Germany\" \/>\n<meta property=\"article:modified_time\" content=\"2018-06-02T09:24:26+00:00\" \/>\n<meta property=\"og:image\" content=\"https:\/\/www.kaiser-fashion.de\/wp-content\/uploads\/2016\/08\/bsciar0708.jpg\" \/>\n<meta name=\"twitter:card\" content=\"summary_large_image\" \/>\n<meta name=\"twitter:label1\" content=\"Dur\u00e9e de lecture estim\u00e9e\" \/>\n\t<meta name=\"twitter:data1\" content=\"3 minutes\" \/>\n<script type=\"application\/ld+json\" class=\"yoast-schema-graph\">{\"@context\":\"https:\/\/schema.org\",\"@graph\":[{\"@type\":\"WebPage\",\"@id\":\"https:\/\/www.kaiser-fashion.de\/fr\/production\/normes-sociales\/\",\"url\":\"https:\/\/www.kaiser-fashion.de\/fr\/production\/normes-sociales\/\",\"name\":\"NORMES SOCIALES - Kaiser Fashion Kleinheubach, HAKA Germany\",\"isPartOf\":{\"@id\":\"https:\/\/www.kaiser-fashion.de\/#website\"},\"primaryImageOfPage\":{\"@id\":\"https:\/\/www.kaiser-fashion.de\/fr\/production\/normes-sociales\/#primaryimage\"},\"image\":{\"@id\":\"https:\/\/www.kaiser-fashion.de\/fr\/production\/normes-sociales\/#primaryimage\"},\"thumbnailUrl\":\"https:\/\/www.kaiser-fashion.de\/wp-content\/uploads\/2016\/08\/bsciar0708.jpg\",\"datePublished\":\"2018-06-02T06:35:11+00:00\",\"dateModified\":\"2018-06-02T09:24:26+00:00\",\"breadcrumb\":{\"@id\":\"https:\/\/www.kaiser-fashion.de\/fr\/production\/normes-sociales\/#breadcrumb\"},\"inLanguage\":\"fr-FR\",\"potentialAction\":[{\"@type\":\"ReadAction\",\"target\":[\"https:\/\/www.kaiser-fashion.de\/fr\/production\/normes-sociales\/\"]}]},{\"@type\":\"ImageObject\",\"inLanguage\":\"fr-FR\",\"@id\":\"https:\/\/www.kaiser-fashion.de\/fr\/production\/normes-sociales\/#primaryimage\",\"url\":\"https:\/\/www.kaiser-fashion.de\/wp-content\/uploads\/2016\/08\/bsciar0708.jpg\",\"contentUrl\":\"https:\/\/www.kaiser-fashion.de\/wp-content\/uploads\/2016\/08\/bsciar0708.jpg\"},{\"@type\":\"BreadcrumbList\",\"@id\":\"https:\/\/www.kaiser-fashion.de\/fr\/production\/normes-sociales\/#breadcrumb\",\"itemListElement\":[{\"@type\":\"ListItem\",\"position\":1,\"name\":\"Startseite\",\"item\":\"https:\/\/www.kaiser-fashion.de\/fr\/\"},{\"@type\":\"ListItem\",\"position\":2,\"name\":\"PRODUCTION\",\"item\":\"https:\/\/www.kaiser-fashion.de\/fr\/production\/\"},{\"@type\":\"ListItem\",\"position\":3,\"name\":\"NORMES SOCIALES\"}]},{\"@type\":\"WebSite\",\"@id\":\"https:\/\/www.kaiser-fashion.de\/#website\",\"url\":\"https:\/\/www.kaiser-fashion.de\/\",\"name\":\"Kaiser Fashion Kleinheubach, HAKA Germany\",\"description\":\"HAKA Hersteller: Entwicklung, Produktion und Logistik\",\"publisher\":{\"@id\":\"https:\/\/www.kaiser-fashion.de\/#organization\"},\"potentialAction\":[{\"@type\":\"SearchAction\",\"target\":{\"@type\":\"EntryPoint\",\"urlTemplate\":\"https:\/\/www.kaiser-fashion.de\/?s={search_term_string}\"},\"query-input\":{\"@type\":\"PropertyValueSpecification\",\"valueRequired\":true,\"valueName\":\"search_term_string\"}}],\"inLanguage\":\"fr-FR\"},{\"@type\":\"Organization\",\"@id\":\"https:\/\/www.kaiser-fashion.de\/#organization\",\"name\":\"Kaiser Bekleidungs-GmbH\",\"url\":\"https:\/\/www.kaiser-fashion.de\/\",\"logo\":{\"@type\":\"ImageObject\",\"inLanguage\":\"fr-FR\",\"@id\":\"https:\/\/www.kaiser-fashion.de\/#\/schema\/logo\/image\/\",\"url\":\"https:\/\/www.kaiser-fashion.de\/wp-content\/uploads\/2016\/07\/kaiserlogoweb2016retina.jpg\",\"contentUrl\":\"https:\/\/www.kaiser-fashion.de\/wp-content\/uploads\/2016\/07\/kaiserlogoweb2016retina.jpg\",\"width\":324,\"height\":94,\"caption\":\"Kaiser Bekleidungs-GmbH\"},\"image\":{\"@id\":\"https:\/\/www.kaiser-fashion.de\/#\/schema\/logo\/image\/\"}}]}<\/script>\n<!-- \/ Yoast SEO plugin. -->","yoast_head_json":{"title":"NORMES SOCIALES - Kaiser Fashion Kleinheubach, HAKA Germany","robots":{"index":"index","follow":"follow","max-snippet":"max-snippet:-1","max-image-preview":"max-image-preview:large","max-video-preview":"max-video-preview:-1"},"canonical":"https:\/\/www.kaiser-fashion.de\/fr\/production\/normes-sociales\/","og_locale":"fr_FR","og_type":"article","og_title":"NORMES SOCIALES - Kaiser Fashion Kleinheubach, HAKA Germany","og_url":"https:\/\/www.kaiser-fashion.de\/fr\/production\/normes-sociales\/","og_site_name":"Kaiser Fashion Kleinheubach, HAKA Germany","article_modified_time":"2018-06-02T09:24:26+00:00","og_image":[{"url":"https:\/\/www.kaiser-fashion.de\/wp-content\/uploads\/2016\/08\/bsciar0708.jpg","type":"","width":"","height":""}],"twitter_card":"summary_large_image","twitter_misc":{"Dur\u00e9e de lecture estim\u00e9e":"3 minutes"},"schema":{"@context":"https:\/\/schema.org","@graph":[{"@type":"WebPage","@id":"https:\/\/www.kaiser-fashion.de\/fr\/production\/normes-sociales\/","url":"https:\/\/www.kaiser-fashion.de\/fr\/production\/normes-sociales\/","name":"NORMES SOCIALES - Kaiser Fashion Kleinheubach, HAKA Germany","isPartOf":{"@id":"https:\/\/www.kaiser-fashion.de\/#website"},"primaryImageOfPage":{"@id":"https:\/\/www.kaiser-fashion.de\/fr\/production\/normes-sociales\/#primaryimage"},"image":{"@id":"https:\/\/www.kaiser-fashion.de\/fr\/production\/normes-sociales\/#primaryimage"},"thumbnailUrl":"https:\/\/www.kaiser-fashion.de\/wp-content\/uploads\/2016\/08\/bsciar0708.jpg","datePublished":"2018-06-02T06:35:11+00:00","dateModified":"2018-06-02T09:24:26+00:00","breadcrumb":{"@id":"https:\/\/www.kaiser-fashion.de\/fr\/production\/normes-sociales\/#breadcrumb"},"inLanguage":"fr-FR","potentialAction":[{"@type":"ReadAction","target":["https:\/\/www.kaiser-fashion.de\/fr\/production\/normes-sociales\/"]}]},{"@type":"ImageObject","inLanguage":"fr-FR","@id":"https:\/\/www.kaiser-fashion.de\/fr\/production\/normes-sociales\/#primaryimage","url":"https:\/\/www.kaiser-fashion.de\/wp-content\/uploads\/2016\/08\/bsciar0708.jpg","contentUrl":"https:\/\/www.kaiser-fashion.de\/wp-content\/uploads\/2016\/08\/bsciar0708.jpg"},{"@type":"BreadcrumbList","@id":"https:\/\/www.kaiser-fashion.de\/fr\/production\/normes-sociales\/#breadcrumb","itemListElement":[{"@type":"ListItem","position":1,"name":"Startseite","item":"https:\/\/www.kaiser-fashion.de\/fr\/"},{"@type":"ListItem","position":2,"name":"PRODUCTION","item":"https:\/\/www.kaiser-fashion.de\/fr\/production\/"},{"@type":"ListItem","position":3,"name":"NORMES SOCIALES"}]},{"@type":"WebSite","@id":"https:\/\/www.kaiser-fashion.de\/#website","url":"https:\/\/www.kaiser-fashion.de\/","name":"Kaiser Fashion Kleinheubach, HAKA Germany","description":"HAKA Hersteller: Entwicklung, Produktion und Logistik","publisher":{"@id":"https:\/\/www.kaiser-fashion.de\/#organization"},"potentialAction":[{"@type":"SearchAction","target":{"@type":"EntryPoint","urlTemplate":"https:\/\/www.kaiser-fashion.de\/?s={search_term_string}"},"query-input":{"@type":"PropertyValueSpecification","valueRequired":true,"valueName":"search_term_string"}}],"inLanguage":"fr-FR"},{"@type":"Organization","@id":"https:\/\/www.kaiser-fashion.de\/#organization","name":"Kaiser Bekleidungs-GmbH","url":"https:\/\/www.kaiser-fashion.de\/","logo":{"@type":"ImageObject","inLanguage":"fr-FR","@id":"https:\/\/www.kaiser-fashion.de\/#\/schema\/logo\/image\/","url":"https:\/\/www.kaiser-fashion.de\/wp-content\/uploads\/2016\/07\/kaiserlogoweb2016retina.jpg","contentUrl":"https:\/\/www.kaiser-fashion.de\/wp-content\/uploads\/2016\/07\/kaiserlogoweb2016retina.jpg","width":324,"height":94,"caption":"Kaiser Bekleidungs-GmbH"},"image":{"@id":"https:\/\/www.kaiser-fashion.de\/#\/schema\/logo\/image\/"}}]}},"_links":{"self":[{"href":"https:\/\/www.kaiser-fashion.de\/fr\/wp-json\/wp\/v2\/pages\/619","targetHints":{"allow":["GET"]}}],"collection":[{"href":"https:\/\/www.kaiser-fashion.de\/fr\/wp-json\/wp\/v2\/pages"}],"about":[{"href":"https:\/\/www.kaiser-fashion.de\/fr\/wp-json\/wp\/v2\/types\/page"}],"author":[{"embeddable":true,"href":"https:\/\/www.kaiser-fashion.de\/fr\/wp-json\/wp\/v2\/users\/1"}],"replies":[{"embeddable":true,"href":"https:\/\/www.kaiser-fashion.de\/fr\/wp-json\/wp\/v2\/comments?post=619"}],"version-history":[{"count":4,"href":"https:\/\/www.kaiser-fashion.de\/fr\/wp-json\/wp\/v2\/pages\/619\/revisions"}],"predecessor-version":[{"id":700,"href":"https:\/\/www.kaiser-fashion.de\/fr\/wp-json\/wp\/v2\/pages\/619\/revisions\/700"}],"up":[{"embeddable":true,"href":"https:\/\/www.kaiser-fashion.de\/fr\/wp-json\/wp\/v2\/pages\/611"}],"wp:attachment":[{"href":"https:\/\/www.kaiser-fashion.de\/fr\/wp-json\/wp\/v2\/media?parent=619"}],"curies":[{"name":"wp","href":"https:\/\/api.w.org\/{rel}","templated":true}]}}