{"id":615,"date":"2018-06-02T08:17:30","date_gmt":"2018-06-02T06:17:30","guid":{"rendered":"https:\/\/www.kaiser-fashion.de\/production\/conformite-aux-normes-etablies"},"modified":"2018-06-02T08:17:33","modified_gmt":"2018-06-02T06:17:33","slug":"conformite-aux-normes-etablies","status":"publish","type":"page","link":"https:\/\/www.kaiser-fashion.de\/fr\/production\/conformite-aux-normes-etablies\/","title":{"rendered":"CONFORMIT\u00c9 AUX NORMES \u00c9TABLIES"},"content":{"rendered":"<p><div class=\"fusion-fullwidth fullwidth-box fusion-builder-row-1 nonhundred-percent-fullwidth non-hundred-percent-height-scrolling\" style=\"--awb-background-position:left top;--awb-border-radius-top-left:0px;--awb-border-radius-top-right:0px;--awb-border-radius-bottom-right:0px;--awb-border-radius-bottom-left:0px;--awb-padding-top:20px;--awb-padding-bottom:0px;--awb-border-sizes-top:0px;--awb-border-sizes-bottom:0px;--awb-flex-wrap:wrap;\" ><div class=\"fusion-builder-row fusion-row\"><div class=\"fusion-layout-column fusion_builder_column fusion-builder-column-0 fusion_builder_column_1_1 1_1 fusion-one-full fusion-column-first fusion-column-last fusion-column-no-min-height\" style=\"--awb-bg-size:cover;--awb-margin-bottom:0px;\"><div class=\"fusion-column-wrapper fusion-flex-column-wrapper-legacy\"><div class=\"fusion-title title fusion-title-1 sep-underline sep-solid fusion-title-text fusion-title-size-two\"><h2 class=\"fusion-title-heading title-heading-left\" style=\"margin:0;\">Conformit\u00e9 aux normes \u00e9tablies<\/h2><\/div><div class=\"fusion-clearfix\"><\/div><\/div><\/div><div class=\"fusion-layout-column fusion_builder_column fusion-builder-column-1 fusion_builder_column_1_2 1_2 fusion-one-half fusion-column-first\" style=\"--awb-bg-size:cover;width:48%; margin-right: 4%;\"><div class=\"fusion-column-wrapper fusion-flex-column-wrapper-legacy\"><div class=\"fusion-text fusion-text-1\"><p>Kaiser fait tester par des institutions et des laboratoires accr\u00e9dit\u00e9s \u00e0 niveau international\u00a0\u00e0 la fois ses mati\u00e8res premi\u00e8res et ses produits finaux afin de v\u00e9rifier leur s\u00e9curit\u00e9 et le respect des normes de s\u00e9curit\u00e9 chimique et physique.<\/p>\n<\/div><div class=\"fusion-clearfix\"><\/div><\/div><\/div><\/div><\/div><div class=\"fusion-fullwidth fullwidth-box fusion-builder-row-2 nonhundred-percent-fullwidth non-hundred-percent-height-scrolling\" style=\"--awb-background-position:left top;--awb-border-radius-top-left:0px;--awb-border-radius-top-right:0px;--awb-border-radius-bottom-right:0px;--awb-border-radius-bottom-left:0px;--awb-padding-top:20px;--awb-padding-bottom:20px;--awb-border-sizes-top:0px;--awb-border-sizes-bottom:0px;--awb-flex-wrap:wrap;\" ><div class=\"fusion-builder-row fusion-row\"><div class=\"fusion-layout-column fusion_builder_column fusion-builder-column-2 fusion_builder_column_1_5 1_5 fusion-one-fifth fusion-column-first\" style=\"--awb-bg-size:cover;width:16.8%; margin-right: 4%;\"><div class=\"fusion-column-wrapper fusion-flex-column-wrapper-legacy\"><div class=\"fusion-image-element in-legacy-container\" style=\"--awb-caption-title-font-family:var(--h2_typography-font-family);--awb-caption-title-font-weight:var(--h2_typography-font-weight);--awb-caption-title-font-style:var(--h2_typography-font-style);--awb-caption-title-size:var(--h2_typography-font-size);--awb-caption-title-transform:var(--h2_typography-text-transform);--awb-caption-title-line-height:var(--h2_typography-line-height);--awb-caption-title-letter-spacing:var(--h2_typography-letter-spacing);\"><span class=\" fusion-imageframe imageframe-none imageframe-1 hover-type-none\"><img decoding=\"async\" width=\"177\" height=\"91\" title=\"zertifikateslice_01\" src=\"data:image\/svg+xml,%3Csvg%20xmlns%3D%27http%3A%2F%2Fwww.w3.org%2F2000%2Fsvg%27%20width%3D%27177%27%20height%3D%2791%27%20viewBox%3D%270%200%20177%2091%27%3E%3Crect%20width%3D%27177%27%20height%3D%2791%27%20fill-opacity%3D%220%22%2F%3E%3C%2Fsvg%3E\" data-orig-src=\"https:\/\/www.kaiser-fashion.de\/wp-content\/uploads\/2016\/08\/zertifikateslice_01.jpg\" alt class=\"lazyload img-responsive wp-image-272\"\/><\/span><\/div><div class=\"fusion-clearfix\"><\/div><\/div><\/div><div class=\"fusion-layout-column fusion_builder_column fusion-builder-column-3 fusion_builder_column_1_5 1_5 fusion-one-fifth\" style=\"--awb-bg-size:cover;width:16.8%; margin-right: 4%;\"><div class=\"fusion-column-wrapper fusion-flex-column-wrapper-legacy\"><div class=\"fusion-image-element in-legacy-container\" style=\"--awb-caption-title-font-family:var(--h2_typography-font-family);--awb-caption-title-font-weight:var(--h2_typography-font-weight);--awb-caption-title-font-style:var(--h2_typography-font-style);--awb-caption-title-size:var(--h2_typography-font-size);--awb-caption-title-transform:var(--h2_typography-text-transform);--awb-caption-title-line-height:var(--h2_typography-line-height);--awb-caption-title-letter-spacing:var(--h2_typography-letter-spacing);\"><span class=\" fusion-imageframe imageframe-none imageframe-2 hover-type-none\"><img decoding=\"async\" width=\"254\" height=\"91\" title=\"zertifikateslice_02\" src=\"https:\/\/www.kaiser-fashion.de\/wp-content\/uploads\/2016\/08\/zertifikateslice_02.jpg\" data-orig-src=\"https:\/\/www.kaiser-fashion.de\/wp-content\/uploads\/2016\/08\/zertifikateslice_02.jpg\" alt class=\"lazyload img-responsive wp-image-273\" srcset=\"data:image\/svg+xml,%3Csvg%20xmlns%3D%27http%3A%2F%2Fwww.w3.org%2F2000%2Fsvg%27%20width%3D%27254%27%20height%3D%2791%27%20viewBox%3D%270%200%20254%2091%27%3E%3Crect%20width%3D%27254%27%20height%3D%2791%27%20fill-opacity%3D%220%22%2F%3E%3C%2Fsvg%3E\" data-srcset=\"https:\/\/www.kaiser-fashion.de\/wp-content\/uploads\/2016\/08\/zertifikateslice_02-200x72.jpg 200w, https:\/\/www.kaiser-fashion.de\/wp-content\/uploads\/2016\/08\/zertifikateslice_02.jpg 254w\" data-sizes=\"auto\" data-orig-sizes=\"(max-width: 1024px) 100vw, 200px\" \/><\/span><\/div><div class=\"fusion-clearfix\"><\/div><\/div><\/div><div class=\"fusion-layout-column fusion_builder_column fusion-builder-column-4 fusion_builder_column_1_5 1_5 fusion-one-fifth\" style=\"--awb-bg-size:cover;width:16.8%; margin-right: 4%;\"><div class=\"fusion-column-wrapper fusion-flex-column-wrapper-legacy\"><div class=\"fusion-image-element in-legacy-container\" style=\"--awb-caption-title-font-family:var(--h2_typography-font-family);--awb-caption-title-font-weight:var(--h2_typography-font-weight);--awb-caption-title-font-style:var(--h2_typography-font-style);--awb-caption-title-size:var(--h2_typography-font-size);--awb-caption-title-transform:var(--h2_typography-text-transform);--awb-caption-title-line-height:var(--h2_typography-line-height);--awb-caption-title-letter-spacing:var(--h2_typography-letter-spacing);\"><span class=\" fusion-imageframe imageframe-none imageframe-3 hover-type-none\"><img decoding=\"async\" width=\"260\" height=\"91\" title=\"zertifikateslice_03\" src=\"https:\/\/www.kaiser-fashion.de\/wp-content\/uploads\/2016\/08\/zertifikateslice_03.jpg\" data-orig-src=\"https:\/\/www.kaiser-fashion.de\/wp-content\/uploads\/2016\/08\/zertifikateslice_03.jpg\" alt class=\"lazyload img-responsive wp-image-274\" srcset=\"data:image\/svg+xml,%3Csvg%20xmlns%3D%27http%3A%2F%2Fwww.w3.org%2F2000%2Fsvg%27%20width%3D%27260%27%20height%3D%2791%27%20viewBox%3D%270%200%20260%2091%27%3E%3Crect%20width%3D%27260%27%20height%3D%2791%27%20fill-opacity%3D%220%22%2F%3E%3C%2Fsvg%3E\" data-srcset=\"https:\/\/www.kaiser-fashion.de\/wp-content\/uploads\/2016\/08\/zertifikateslice_03-200x70.jpg 200w, https:\/\/www.kaiser-fashion.de\/wp-content\/uploads\/2016\/08\/zertifikateslice_03.jpg 260w\" data-sizes=\"auto\" data-orig-sizes=\"(max-width: 1024px) 100vw, 200px\" \/><\/span><\/div><div class=\"fusion-clearfix\"><\/div><\/div><\/div><div class=\"fusion-layout-column fusion_builder_column fusion-builder-column-5 fusion_builder_column_1_5 1_5 fusion-one-fifth\" style=\"--awb-bg-size:cover;width:16.8%; margin-right: 4%;\"><div class=\"fusion-column-wrapper fusion-flex-column-wrapper-legacy\"><div class=\"fusion-image-element in-legacy-container\" style=\"--awb-caption-title-font-family:var(--h2_typography-font-family);--awb-caption-title-font-weight:var(--h2_typography-font-weight);--awb-caption-title-font-style:var(--h2_typography-font-style);--awb-caption-title-size:var(--h2_typography-font-size);--awb-caption-title-transform:var(--h2_typography-text-transform);--awb-caption-title-line-height:var(--h2_typography-line-height);--awb-caption-title-letter-spacing:var(--h2_typography-letter-spacing);\"><span class=\" fusion-imageframe imageframe-none imageframe-4 hover-type-none\"><img decoding=\"async\" width=\"226\" height=\"91\" title=\"zertifikateslice_04\" src=\"https:\/\/www.kaiser-fashion.de\/wp-content\/uploads\/2016\/08\/zertifikateslice_04.jpg\" data-orig-src=\"https:\/\/www.kaiser-fashion.de\/wp-content\/uploads\/2016\/08\/zertifikateslice_04.jpg\" alt class=\"lazyload img-responsive wp-image-275\" srcset=\"data:image\/svg+xml,%3Csvg%20xmlns%3D%27http%3A%2F%2Fwww.w3.org%2F2000%2Fsvg%27%20width%3D%27226%27%20height%3D%2791%27%20viewBox%3D%270%200%20226%2091%27%3E%3Crect%20width%3D%27226%27%20height%3D%2791%27%20fill-opacity%3D%220%22%2F%3E%3C%2Fsvg%3E\" data-srcset=\"https:\/\/www.kaiser-fashion.de\/wp-content\/uploads\/2016\/08\/zertifikateslice_04-200x81.jpg 200w, https:\/\/www.kaiser-fashion.de\/wp-content\/uploads\/2016\/08\/zertifikateslice_04.jpg 226w\" data-sizes=\"auto\" data-orig-sizes=\"(max-width: 1024px) 100vw, 200px\" \/><\/span><\/div><div class=\"fusion-clearfix\"><\/div><\/div><\/div><div class=\"fusion-layout-column fusion_builder_column fusion-builder-column-6 fusion_builder_column_1_5 1_5 fusion-one-fifth fusion-column-last\" style=\"--awb-bg-size:cover;width:16.8%;\"><div class=\"fusion-column-wrapper fusion-flex-column-wrapper-legacy\"><div class=\"fusion-image-element in-legacy-container\" style=\"--awb-caption-title-font-family:var(--h2_typography-font-family);--awb-caption-title-font-weight:var(--h2_typography-font-weight);--awb-caption-title-font-style:var(--h2_typography-font-style);--awb-caption-title-size:var(--h2_typography-font-size);--awb-caption-title-transform:var(--h2_typography-text-transform);--awb-caption-title-line-height:var(--h2_typography-line-height);--awb-caption-title-letter-spacing:var(--h2_typography-letter-spacing);\"><span class=\" fusion-imageframe imageframe-none imageframe-5 hover-type-none\"><img decoding=\"async\" width=\"313\" height=\"91\" title=\"zertifikateslice_05\" src=\"https:\/\/www.kaiser-fashion.de\/wp-content\/uploads\/2016\/08\/zertifikateslice_05.jpg\" data-orig-src=\"https:\/\/www.kaiser-fashion.de\/wp-content\/uploads\/2016\/08\/zertifikateslice_05.jpg\" alt class=\"lazyload img-responsive wp-image-276\" srcset=\"data:image\/svg+xml,%3Csvg%20xmlns%3D%27http%3A%2F%2Fwww.w3.org%2F2000%2Fsvg%27%20width%3D%27313%27%20height%3D%2791%27%20viewBox%3D%270%200%20313%2091%27%3E%3Crect%20width%3D%27313%27%20height%3D%2791%27%20fill-opacity%3D%220%22%2F%3E%3C%2Fsvg%3E\" data-srcset=\"https:\/\/www.kaiser-fashion.de\/wp-content\/uploads\/2016\/08\/zertifikateslice_05-200x58.jpg 200w, https:\/\/www.kaiser-fashion.de\/wp-content\/uploads\/2016\/08\/zertifikateslice_05.jpg 313w\" data-sizes=\"auto\" data-orig-sizes=\"(max-width: 1024px) 100vw, 200px\" \/><\/span><\/div><div class=\"fusion-clearfix\"><\/div><\/div><\/div><\/div><\/div><div class=\"fusion-fullwidth fullwidth-box fusion-builder-row-3 hundred-percent-fullwidth non-hundred-percent-height-scrolling\" style=\"--awb-border-radius-top-left:0px;--awb-border-radius-top-right:0px;--awb-border-radius-bottom-right:0px;--awb-border-radius-bottom-left:0px;--awb-overflow:visible;--awb-flex-wrap:wrap;\" ><div class=\"fusion-builder-row fusion-row\"><div class=\"fusion-layout-column fusion_builder_column fusion-builder-column-7 fusion_builder_column_1_2 1_2 fusion-one-half fusion-column-first\" style=\"--awb-bg-size:cover;width:48%; margin-right: 4%;\"><div class=\"fusion-column-wrapper fusion-flex-column-wrapper-legacy\"><div class=\"fusion-text fusion-text-2\"><p><strong>T\u00e9l\u00e9charger interne<\/strong><\/p>\n<p>\u00c9valuation et s\u00e9lection des fournisseurs<div class=\"sdm_download_button_box_default\"><div class=\"sdm_download_link\"><span class=\"sdm_enter_password_label_text\">Saisir le mot de passe pour t\u00e9l\u00e9charger\u00a0:<\/span><form action=\"https:\/\/www.kaiser-fashion.de\/fr\/\/?sdm_process_download=1&download_id=259\" method=\"post\" id=\"sdm-pass-69e08b0833a6c\" class=\"sdm-download-form\"><input type=\"password\" name=\"pass_text\" class=\"sdm_pass_text\" value=\"\" \/> <span class=\"sdm-download-button\"><a href=\"#\" name=\"sdm_dl_pass_submit\" class=\"pass_sumbit sdm_pass_protected_download sdm_download_with_condition sdm_download darkblue\">T\u00e9l\u00e9charger<\/a><\/span><input type=\"hidden\" name=\"download_id\" value=\"259\" \/><\/form><\/div><\/div><\/p>\n<p><strong>Evaluation and selection of nominated material suppliers<\/strong><div class=\"sdm_download_button_box_default\"><div class=\"sdm_download_link\"><span class=\"sdm_enter_password_label_text\">Saisir le mot de passe pour t\u00e9l\u00e9charger\u00a0:<\/span><form action=\"https:\/\/www.kaiser-fashion.de\/fr\/\/?sdm_process_download=1&download_id=266\" method=\"post\" id=\"sdm-pass-69e08b0833c5e\" class=\"sdm-download-form\"><input type=\"password\" name=\"pass_text\" class=\"sdm_pass_text\" value=\"\" \/> <span class=\"sdm-download-button\"><a href=\"#\" name=\"sdm_dl_pass_submit\" class=\"pass_sumbit sdm_pass_protected_download sdm_download_with_condition sdm_download darkblue\">T\u00e9l\u00e9charger<\/a><\/span><input type=\"hidden\" name=\"download_id\" value=\"266\" \/><\/form><\/div><\/div><\/p>\n<p><strong>Manual for quality legal and safety requirements<\/strong><div class=\"sdm_download_button_box_default\"><div class=\"sdm_download_link\"><span class=\"sdm_enter_password_label_text\">Saisir le mot de passe pour t\u00e9l\u00e9charger\u00a0:<\/span><form action=\"https:\/\/www.kaiser-fashion.de\/fr\/\/?sdm_process_download=1&download_id=268\" method=\"post\" id=\"sdm-pass-69e08b0833e1c\" class=\"sdm-download-form\"><input type=\"password\" name=\"pass_text\" class=\"sdm_pass_text\" value=\"\" \/> <span class=\"sdm-download-button\"><a href=\"#\" name=\"sdm_dl_pass_submit\" class=\"pass_sumbit sdm_pass_protected_download sdm_download_with_condition sdm_download darkblue\">T\u00e9l\u00e9charger<\/a><\/span><input type=\"hidden\" name=\"download_id\" value=\"268\" \/><\/form><\/div><\/div><\/p>\n<\/div><div class=\"fusion-clearfix\"><\/div><\/div><\/div><\/div><\/div><\/p>\n","protected":false},"excerpt":{"rendered":"","protected":false},"author":1,"featured_media":0,"parent":611,"menu_order":0,"comment_status":"closed","ping_status":"closed","template":"","meta":{"footnotes":""},"class_list":["post-615","page","type-page","status-publish","hentry"],"yoast_head":"<!-- This site is optimized with the Yoast SEO plugin v26.8 - https:\/\/yoast.com\/product\/yoast-seo-wordpress\/ -->\n<title>CONFORMIT\u00c9 AUX NORMES \u00c9TABLIES - Kaiser Fashion Kleinheubach, HAKA Germany<\/title>\n<meta name=\"robots\" content=\"index, follow, max-snippet:-1, max-image-preview:large, max-video-preview:-1\" \/>\n<link rel=\"canonical\" href=\"https:\/\/www.kaiser-fashion.de\/fr\/production\/conformite-aux-normes-etablies\/\" \/>\n<meta property=\"og:locale\" content=\"fr_FR\" \/>\n<meta property=\"og:type\" content=\"article\" \/>\n<meta property=\"og:title\" content=\"CONFORMIT\u00c9 AUX NORMES \u00c9TABLIES - Kaiser Fashion Kleinheubach, HAKA Germany\" \/>\n<meta property=\"og:url\" content=\"https:\/\/www.kaiser-fashion.de\/fr\/production\/conformite-aux-normes-etablies\/\" \/>\n<meta property=\"og:site_name\" content=\"Kaiser Fashion Kleinheubach, HAKA Germany\" \/>\n<meta property=\"article:modified_time\" content=\"2018-06-02T06:17:33+00:00\" \/>\n<meta property=\"og:image\" content=\"https:\/\/www.kaiser-fashion.de\/wp-content\/uploads\/2016\/08\/zertifikateslice_01.jpg\" \/>\n<meta name=\"twitter:card\" content=\"summary_large_image\" \/>\n<meta name=\"twitter:label1\" content=\"Dur\u00e9e de lecture estim\u00e9e\" \/>\n\t<meta name=\"twitter:data1\" content=\"5 minutes\" \/>\n<script type=\"application\/ld+json\" class=\"yoast-schema-graph\">{\"@context\":\"https:\/\/schema.org\",\"@graph\":[{\"@type\":\"WebPage\",\"@id\":\"https:\/\/www.kaiser-fashion.de\/fr\/production\/conformite-aux-normes-etablies\/\",\"url\":\"https:\/\/www.kaiser-fashion.de\/fr\/production\/conformite-aux-normes-etablies\/\",\"name\":\"CONFORMIT\u00c9 AUX NORMES \u00c9TABLIES - Kaiser Fashion Kleinheubach, HAKA Germany\",\"isPartOf\":{\"@id\":\"https:\/\/www.kaiser-fashion.de\/#website\"},\"primaryImageOfPage\":{\"@id\":\"https:\/\/www.kaiser-fashion.de\/fr\/production\/conformite-aux-normes-etablies\/#primaryimage\"},\"image\":{\"@id\":\"https:\/\/www.kaiser-fashion.de\/fr\/production\/conformite-aux-normes-etablies\/#primaryimage\"},\"thumbnailUrl\":\"https:\/\/www.kaiser-fashion.de\/wp-content\/uploads\/2016\/08\/zertifikateslice_01.jpg\",\"datePublished\":\"2018-06-02T06:17:30+00:00\",\"dateModified\":\"2018-06-02T06:17:33+00:00\",\"breadcrumb\":{\"@id\":\"https:\/\/www.kaiser-fashion.de\/fr\/production\/conformite-aux-normes-etablies\/#breadcrumb\"},\"inLanguage\":\"fr-FR\",\"potentialAction\":[{\"@type\":\"ReadAction\",\"target\":[\"https:\/\/www.kaiser-fashion.de\/fr\/production\/conformite-aux-normes-etablies\/\"]}]},{\"@type\":\"ImageObject\",\"inLanguage\":\"fr-FR\",\"@id\":\"https:\/\/www.kaiser-fashion.de\/fr\/production\/conformite-aux-normes-etablies\/#primaryimage\",\"url\":\"https:\/\/www.kaiser-fashion.de\/wp-content\/uploads\/2016\/08\/zertifikateslice_01.jpg\",\"contentUrl\":\"https:\/\/www.kaiser-fashion.de\/wp-content\/uploads\/2016\/08\/zertifikateslice_01.jpg\"},{\"@type\":\"BreadcrumbList\",\"@id\":\"https:\/\/www.kaiser-fashion.de\/fr\/production\/conformite-aux-normes-etablies\/#breadcrumb\",\"itemListElement\":[{\"@type\":\"ListItem\",\"position\":1,\"name\":\"Startseite\",\"item\":\"https:\/\/www.kaiser-fashion.de\/fr\/\"},{\"@type\":\"ListItem\",\"position\":2,\"name\":\"PRODUCTION\",\"item\":\"https:\/\/www.kaiser-fashion.de\/fr\/production\/\"},{\"@type\":\"ListItem\",\"position\":3,\"name\":\"CONFORMIT\u00c9 AUX NORMES \u00c9TABLIES\"}]},{\"@type\":\"WebSite\",\"@id\":\"https:\/\/www.kaiser-fashion.de\/#website\",\"url\":\"https:\/\/www.kaiser-fashion.de\/\",\"name\":\"Kaiser Fashion Kleinheubach, HAKA Germany\",\"description\":\"HAKA Hersteller: Entwicklung, Produktion und Logistik\",\"publisher\":{\"@id\":\"https:\/\/www.kaiser-fashion.de\/#organization\"},\"potentialAction\":[{\"@type\":\"SearchAction\",\"target\":{\"@type\":\"EntryPoint\",\"urlTemplate\":\"https:\/\/www.kaiser-fashion.de\/?s={search_term_string}\"},\"query-input\":{\"@type\":\"PropertyValueSpecification\",\"valueRequired\":true,\"valueName\":\"search_term_string\"}}],\"inLanguage\":\"fr-FR\"},{\"@type\":\"Organization\",\"@id\":\"https:\/\/www.kaiser-fashion.de\/#organization\",\"name\":\"Kaiser Bekleidungs-GmbH\",\"url\":\"https:\/\/www.kaiser-fashion.de\/\",\"logo\":{\"@type\":\"ImageObject\",\"inLanguage\":\"fr-FR\",\"@id\":\"https:\/\/www.kaiser-fashion.de\/#\/schema\/logo\/image\/\",\"url\":\"https:\/\/www.kaiser-fashion.de\/wp-content\/uploads\/2016\/07\/kaiserlogoweb2016retina.jpg\",\"contentUrl\":\"https:\/\/www.kaiser-fashion.de\/wp-content\/uploads\/2016\/07\/kaiserlogoweb2016retina.jpg\",\"width\":324,\"height\":94,\"caption\":\"Kaiser Bekleidungs-GmbH\"},\"image\":{\"@id\":\"https:\/\/www.kaiser-fashion.de\/#\/schema\/logo\/image\/\"}}]}<\/script>\n<!-- \/ Yoast SEO plugin. -->","yoast_head_json":{"title":"CONFORMIT\u00c9 AUX NORMES \u00c9TABLIES - Kaiser Fashion Kleinheubach, HAKA Germany","robots":{"index":"index","follow":"follow","max-snippet":"max-snippet:-1","max-image-preview":"max-image-preview:large","max-video-preview":"max-video-preview:-1"},"canonical":"https:\/\/www.kaiser-fashion.de\/fr\/production\/conformite-aux-normes-etablies\/","og_locale":"fr_FR","og_type":"article","og_title":"CONFORMIT\u00c9 AUX NORMES \u00c9TABLIES - Kaiser Fashion Kleinheubach, HAKA Germany","og_url":"https:\/\/www.kaiser-fashion.de\/fr\/production\/conformite-aux-normes-etablies\/","og_site_name":"Kaiser Fashion Kleinheubach, HAKA Germany","article_modified_time":"2018-06-02T06:17:33+00:00","og_image":[{"url":"https:\/\/www.kaiser-fashion.de\/wp-content\/uploads\/2016\/08\/zertifikateslice_01.jpg","type":"","width":"","height":""}],"twitter_card":"summary_large_image","twitter_misc":{"Dur\u00e9e de lecture estim\u00e9e":"5 minutes"},"schema":{"@context":"https:\/\/schema.org","@graph":[{"@type":"WebPage","@id":"https:\/\/www.kaiser-fashion.de\/fr\/production\/conformite-aux-normes-etablies\/","url":"https:\/\/www.kaiser-fashion.de\/fr\/production\/conformite-aux-normes-etablies\/","name":"CONFORMIT\u00c9 AUX NORMES \u00c9TABLIES - Kaiser Fashion Kleinheubach, HAKA Germany","isPartOf":{"@id":"https:\/\/www.kaiser-fashion.de\/#website"},"primaryImageOfPage":{"@id":"https:\/\/www.kaiser-fashion.de\/fr\/production\/conformite-aux-normes-etablies\/#primaryimage"},"image":{"@id":"https:\/\/www.kaiser-fashion.de\/fr\/production\/conformite-aux-normes-etablies\/#primaryimage"},"thumbnailUrl":"https:\/\/www.kaiser-fashion.de\/wp-content\/uploads\/2016\/08\/zertifikateslice_01.jpg","datePublished":"2018-06-02T06:17:30+00:00","dateModified":"2018-06-02T06:17:33+00:00","breadcrumb":{"@id":"https:\/\/www.kaiser-fashion.de\/fr\/production\/conformite-aux-normes-etablies\/#breadcrumb"},"inLanguage":"fr-FR","potentialAction":[{"@type":"ReadAction","target":["https:\/\/www.kaiser-fashion.de\/fr\/production\/conformite-aux-normes-etablies\/"]}]},{"@type":"ImageObject","inLanguage":"fr-FR","@id":"https:\/\/www.kaiser-fashion.de\/fr\/production\/conformite-aux-normes-etablies\/#primaryimage","url":"https:\/\/www.kaiser-fashion.de\/wp-content\/uploads\/2016\/08\/zertifikateslice_01.jpg","contentUrl":"https:\/\/www.kaiser-fashion.de\/wp-content\/uploads\/2016\/08\/zertifikateslice_01.jpg"},{"@type":"BreadcrumbList","@id":"https:\/\/www.kaiser-fashion.de\/fr\/production\/conformite-aux-normes-etablies\/#breadcrumb","itemListElement":[{"@type":"ListItem","position":1,"name":"Startseite","item":"https:\/\/www.kaiser-fashion.de\/fr\/"},{"@type":"ListItem","position":2,"name":"PRODUCTION","item":"https:\/\/www.kaiser-fashion.de\/fr\/production\/"},{"@type":"ListItem","position":3,"name":"CONFORMIT\u00c9 AUX NORMES \u00c9TABLIES"}]},{"@type":"WebSite","@id":"https:\/\/www.kaiser-fashion.de\/#website","url":"https:\/\/www.kaiser-fashion.de\/","name":"Kaiser Fashion Kleinheubach, HAKA Germany","description":"HAKA Hersteller: Entwicklung, Produktion und Logistik","publisher":{"@id":"https:\/\/www.kaiser-fashion.de\/#organization"},"potentialAction":[{"@type":"SearchAction","target":{"@type":"EntryPoint","urlTemplate":"https:\/\/www.kaiser-fashion.de\/?s={search_term_string}"},"query-input":{"@type":"PropertyValueSpecification","valueRequired":true,"valueName":"search_term_string"}}],"inLanguage":"fr-FR"},{"@type":"Organization","@id":"https:\/\/www.kaiser-fashion.de\/#organization","name":"Kaiser Bekleidungs-GmbH","url":"https:\/\/www.kaiser-fashion.de\/","logo":{"@type":"ImageObject","inLanguage":"fr-FR","@id":"https:\/\/www.kaiser-fashion.de\/#\/schema\/logo\/image\/","url":"https:\/\/www.kaiser-fashion.de\/wp-content\/uploads\/2016\/07\/kaiserlogoweb2016retina.jpg","contentUrl":"https:\/\/www.kaiser-fashion.de\/wp-content\/uploads\/2016\/07\/kaiserlogoweb2016retina.jpg","width":324,"height":94,"caption":"Kaiser Bekleidungs-GmbH"},"image":{"@id":"https:\/\/www.kaiser-fashion.de\/#\/schema\/logo\/image\/"}}]}},"_links":{"self":[{"href":"https:\/\/www.kaiser-fashion.de\/fr\/wp-json\/wp\/v2\/pages\/615","targetHints":{"allow":["GET"]}}],"collection":[{"href":"https:\/\/www.kaiser-fashion.de\/fr\/wp-json\/wp\/v2\/pages"}],"about":[{"href":"https:\/\/www.kaiser-fashion.de\/fr\/wp-json\/wp\/v2\/types\/page"}],"author":[{"embeddable":true,"href":"https:\/\/www.kaiser-fashion.de\/fr\/wp-json\/wp\/v2\/users\/1"}],"replies":[{"embeddable":true,"href":"https:\/\/www.kaiser-fashion.de\/fr\/wp-json\/wp\/v2\/comments?post=615"}],"version-history":[{"count":3,"href":"https:\/\/www.kaiser-fashion.de\/fr\/wp-json\/wp\/v2\/pages\/615\/revisions"}],"predecessor-version":[{"id":618,"href":"https:\/\/www.kaiser-fashion.de\/fr\/wp-json\/wp\/v2\/pages\/615\/revisions\/618"}],"up":[{"embeddable":true,"href":"https:\/\/www.kaiser-fashion.de\/fr\/wp-json\/wp\/v2\/pages\/611"}],"wp:attachment":[{"href":"https:\/\/www.kaiser-fashion.de\/fr\/wp-json\/wp\/v2\/media?parent=615"}],"curies":[{"name":"wp","href":"https:\/\/api.w.org\/{rel}","templated":true}]}}