{"id":611,"date":"2018-06-02T08:09:56","date_gmt":"2018-06-02T06:09:56","guid":{"rendered":"https:\/\/www.kaiser-fashion.de\/production"},"modified":"2018-06-02T11:33:09","modified_gmt":"2018-06-02T09:33:09","slug":"production","status":"publish","type":"page","link":"https:\/\/www.kaiser-fashion.de\/fr\/production\/","title":{"rendered":"PRODUCTION"},"content":{"rendered":"<p><div class=\"fusion-fullwidth fullwidth-box fusion-builder-row-1 hundred-percent-fullwidth non-hundred-percent-height-scrolling\" style=\"--awb-border-radius-top-left:0px;--awb-border-radius-top-right:0px;--awb-border-radius-bottom-right:0px;--awb-border-radius-bottom-left:0px;--awb-overflow:visible;--awb-flex-wrap:wrap;\" ><div class=\"fusion-builder-row fusion-row\"><div class=\"fusion-layout-column fusion_builder_column fusion-builder-column-0 fusion_builder_column_1_1 1_1 fusion-one-full fusion-column-first fusion-column-last fusion-column-no-min-height\" style=\"--awb-bg-size:cover;--awb-margin-bottom:0px;\"><div class=\"fusion-column-wrapper fusion-flex-column-wrapper-legacy\"><div class=\"fusion-title title fusion-title-1 sep-underline sep-solid fusion-title-text fusion-title-size-two\"><h2 class=\"fusion-title-heading title-heading-left\" style=\"margin:0;\">Achats et production internationaux<\/h2><\/div><div class=\"fusion-clearfix\"><\/div><\/div><\/div><\/div><\/div><div class=\"fusion-fullwidth fullwidth-box fusion-builder-row-2 nonhundred-percent-fullwidth non-hundred-percent-height-scrolling\" style=\"--awb-background-position:left top;--awb-border-radius-top-left:0px;--awb-border-radius-top-right:0px;--awb-border-radius-bottom-right:0px;--awb-border-radius-bottom-left:0px;--awb-padding-top:20px;--awb-padding-bottom:20px;--awb-border-sizes-top:0px;--awb-border-sizes-bottom:0px;--awb-flex-wrap:wrap;\" ><div class=\"fusion-builder-row fusion-row\"><div class=\"fusion-layout-column fusion_builder_column fusion-builder-column-1 fusion_builder_column_1_2 1_2 fusion-one-half fusion-column-first\" style=\"--awb-bg-size:cover;width:48%; margin-right: 4%;\"><div class=\"fusion-column-wrapper fusion-flex-column-wrapper-legacy\"><div class=\"fusion-text fusion-text-1\"><p>Kaiser se procure toutes les mati\u00e8res premi\u00e8res et toutes les pi\u00e8ces (tels que les doublures, boutons, \u00e9paulettes et bien plus encore) sur les march\u00e9s internationaux. Kaiser dispose d&rsquo;un pool fiable de fournisseurs dans le monde entier qui peuvent livrer rapidement et de mani\u00e8re fiable la qualit\u00e9 souhait\u00e9e dans la quantit\u00e9 voulue.<\/p>\n<p>En achetant en gros et en cr\u00e9ant des synergies dans l&rsquo;approvisionnement, Kaiser obtient d&rsquo;excellentes conditions qui profitent \u00e0 nos clients. C&rsquo;est ainsi que Kaiser r\u00e9pond aux exigences de co\u00fbt \u00e9lev\u00e9 de ses clients.<\/p>\n<\/div><div class=\"fusion-clearfix\"><\/div><\/div><\/div><div class=\"fusion-layout-column fusion_builder_column fusion-builder-column-2 fusion_builder_column_1_2 1_2 fusion-one-half fusion-column-last\" style=\"--awb-bg-size:cover;width:48%;\"><div class=\"fusion-column-wrapper fusion-flex-column-wrapper-legacy\"><div class=\"fusion-image-element in-legacy-container\" style=\"--awb-caption-title-font-family:var(--h2_typography-font-family);--awb-caption-title-font-weight:var(--h2_typography-font-weight);--awb-caption-title-font-style:var(--h2_typography-font-style);--awb-caption-title-size:var(--h2_typography-font-size);--awb-caption-title-transform:var(--h2_typography-text-transform);--awb-caption-title-line-height:var(--h2_typography-line-height);--awb-caption-title-letter-spacing:var(--h2_typography-letter-spacing);\"><span class=\" fusion-imageframe imageframe-none imageframe-1 hover-type-none\"><img decoding=\"async\" width=\"1200\" height=\"600\" title=\"IMG_0006bea1200\" src=\"https:\/\/www.kaiser-fashion.de\/wp-content\/uploads\/2016\/08\/IMG_0006bea1200.jpg\" data-orig-src=\"https:\/\/www.kaiser-fashion.de\/wp-content\/uploads\/2016\/08\/IMG_0006bea1200.jpg\" alt class=\"lazyload img-responsive wp-image-301\" srcset=\"data:image\/svg+xml,%3Csvg%20xmlns%3D%27http%3A%2F%2Fwww.w3.org%2F2000%2Fsvg%27%20width%3D%271200%27%20height%3D%27600%27%20viewBox%3D%270%200%201200%20600%27%3E%3Crect%20width%3D%271200%27%20height%3D%27600%27%20fill-opacity%3D%220%22%2F%3E%3C%2Fsvg%3E\" data-srcset=\"https:\/\/www.kaiser-fashion.de\/wp-content\/uploads\/2016\/08\/IMG_0006bea1200-200x100.jpg 200w, https:\/\/www.kaiser-fashion.de\/wp-content\/uploads\/2016\/08\/IMG_0006bea1200-400x200.jpg 400w, https:\/\/www.kaiser-fashion.de\/wp-content\/uploads\/2016\/08\/IMG_0006bea1200-600x300.jpg 600w, https:\/\/www.kaiser-fashion.de\/wp-content\/uploads\/2016\/08\/IMG_0006bea1200-800x400.jpg 800w, https:\/\/www.kaiser-fashion.de\/wp-content\/uploads\/2016\/08\/IMG_0006bea1200.jpg 1200w\" data-sizes=\"auto\" data-orig-sizes=\"(max-width: 1024px) 100vw, 600px\" \/><\/span><\/div><div class=\"fusion-clearfix\"><\/div><\/div><\/div><\/div><\/div><div class=\"fusion-fullwidth fullwidth-box fusion-builder-row-3 nonhundred-percent-fullwidth non-hundred-percent-height-scrolling\" style=\"--awb-background-position:left top;--awb-border-radius-top-left:0px;--awb-border-radius-top-right:0px;--awb-border-radius-bottom-right:0px;--awb-border-radius-bottom-left:0px;--awb-padding-top:20px;--awb-padding-bottom:20px;--awb-border-sizes-top:0px;--awb-border-sizes-bottom:0px;--awb-flex-wrap:wrap;\" ><div class=\"fusion-builder-row fusion-row\"><div class=\"fusion-layout-column fusion_builder_column fusion-builder-column-3 fusion_builder_column_1_2 1_2 fusion-one-half fusion-column-first\" style=\"--awb-bg-size:cover;width:48%; margin-right: 4%;\"><div class=\"fusion-column-wrapper fusion-flex-column-wrapper-legacy\"><div class=\"fusion-text fusion-text-2\"><p>Kaiser influence directement les conditions de production et les <a href=\"https:\/\/www.kaiser-fashion.de\/fr\/production\/conformite-aux-normes-etablies\">normes de qualit\u00e9<\/a> dans ses usines de production. Le d\u00e9veloppement de la qualit\u00e9, l&rsquo;assurance et le contr\u00f4le font partie de la cha\u00eene de processus. Le personnel technique de Kaiser est sur place pour d\u00e9velopper et contr\u00f4ler le processus de production. La planification de la capacit\u00e9 et de la production est g\u00e9r\u00e9e par le si\u00e8ge. Cela garantit des d\u00e9lais de livraison rapides et \u00e9vite les temps d&rsquo;arr\u00eat en cas de livraison de mat\u00e9riel retard\u00e9e. Dans des cas exceptionnels, une commande peut \u00eatre rapidement \u00ab\u00a0mise en ligne\u00a0\u00bb et produite sans d\u00e9lai.<br \/>\nM\u00eame de petites et tr\u00e8s petites quantit\u00e9s peuvent \u00eatre fabriqu\u00e9es. Kaiser offre fiabilit\u00e9, s\u00e9curit\u00e9 d&rsquo;approvisionnement et flexibilit\u00e9 m\u00eame dans des d\u00e9lais serr\u00e9s. Les clients de Kaiser b\u00e9n\u00e9ficient d&rsquo;un risque r\u00e9duit et d\u2019un excellent rapport qualit\u00e9\u00a0&#8211; prix. Kaiser s\u2019engage \u00e9galement au niveau de la \u00a0<a href=\"https:\/\/www.kaiser-fashion.de\/fr\/production\/normes-sociales\">responsabilit\u00e9 sociale<\/a> dans le processus global de fabrication et de commerce. Nos installations de fabrication sont v\u00e9rifi\u00e9es par des cabinets d&rsquo;audit reconnus internationalement et r\u00e9pondent aux normes en vigueur.<\/p>\n<\/div><div class=\"fusion-clearfix\"><\/div><\/div><\/div><div class=\"fusion-layout-column fusion_builder_column fusion-builder-column-4 fusion_builder_column_1_2 1_2 fusion-one-half fusion-column-last\" style=\"--awb-bg-size:cover;width:48%;\"><div class=\"fusion-column-wrapper fusion-flex-column-wrapper-legacy\"><div class=\"fusion-image-element in-legacy-container\" style=\"--awb-caption-title-font-family:var(--h2_typography-font-family);--awb-caption-title-font-weight:var(--h2_typography-font-weight);--awb-caption-title-font-style:var(--h2_typography-font-style);--awb-caption-title-size:var(--h2_typography-font-size);--awb-caption-title-transform:var(--h2_typography-text-transform);--awb-caption-title-line-height:var(--h2_typography-line-height);--awb-caption-title-letter-spacing:var(--h2_typography-letter-spacing);\"><span class=\" fusion-imageframe imageframe-none imageframe-2 hover-type-none\"><img decoding=\"async\" width=\"1200\" height=\"600\" title=\"Trousersline1200\" src=\"https:\/\/www.kaiser-fashion.de\/wp-content\/uploads\/2016\/08\/Trousersline1200.jpg\" data-orig-src=\"https:\/\/www.kaiser-fashion.de\/wp-content\/uploads\/2016\/08\/Trousersline1200.jpg\" alt class=\"lazyload img-responsive wp-image-304\" srcset=\"data:image\/svg+xml,%3Csvg%20xmlns%3D%27http%3A%2F%2Fwww.w3.org%2F2000%2Fsvg%27%20width%3D%271200%27%20height%3D%27600%27%20viewBox%3D%270%200%201200%20600%27%3E%3Crect%20width%3D%271200%27%20height%3D%27600%27%20fill-opacity%3D%220%22%2F%3E%3C%2Fsvg%3E\" data-srcset=\"https:\/\/www.kaiser-fashion.de\/wp-content\/uploads\/2016\/08\/Trousersline1200-200x100.jpg 200w, https:\/\/www.kaiser-fashion.de\/wp-content\/uploads\/2016\/08\/Trousersline1200-400x200.jpg 400w, https:\/\/www.kaiser-fashion.de\/wp-content\/uploads\/2016\/08\/Trousersline1200-600x300.jpg 600w, https:\/\/www.kaiser-fashion.de\/wp-content\/uploads\/2016\/08\/Trousersline1200-800x400.jpg 800w, https:\/\/www.kaiser-fashion.de\/wp-content\/uploads\/2016\/08\/Trousersline1200.jpg 1200w\" data-sizes=\"auto\" data-orig-sizes=\"(max-width: 1024px) 100vw, 600px\" \/><\/span><\/div><div class=\"fusion-clearfix\"><\/div><\/div><\/div><\/div><\/div><\/p>\n","protected":false},"excerpt":{"rendered":"","protected":false},"author":1,"featured_media":0,"parent":0,"menu_order":6,"comment_status":"closed","ping_status":"closed","template":"","meta":{"footnotes":""},"class_list":["post-611","page","type-page","status-publish","hentry"],"yoast_head":"<!-- This site is optimized with the Yoast SEO plugin v26.8 - https:\/\/yoast.com\/product\/yoast-seo-wordpress\/ -->\n<title>PRODUCTION - Kaiser Fashion Kleinheubach, HAKA Germany<\/title>\n<meta name=\"robots\" content=\"index, follow, max-snippet:-1, max-image-preview:large, max-video-preview:-1\" \/>\n<link rel=\"canonical\" href=\"https:\/\/www.kaiser-fashion.de\/fr\/production\/\" \/>\n<meta property=\"og:locale\" content=\"fr_FR\" \/>\n<meta property=\"og:type\" content=\"article\" \/>\n<meta property=\"og:title\" content=\"PRODUCTION - Kaiser Fashion Kleinheubach, HAKA Germany\" \/>\n<meta property=\"og:url\" content=\"https:\/\/www.kaiser-fashion.de\/fr\/production\/\" \/>\n<meta property=\"og:site_name\" content=\"Kaiser Fashion Kleinheubach, HAKA Germany\" \/>\n<meta property=\"article:modified_time\" content=\"2018-06-02T09:33:09+00:00\" \/>\n<meta property=\"og:image\" content=\"https:\/\/www.kaiser-fashion.de\/wp-content\/uploads\/2016\/08\/IMG_0006bea1200.jpg\" \/>\n<meta name=\"twitter:card\" content=\"summary_large_image\" \/>\n<meta name=\"twitter:label1\" content=\"Dur\u00e9e de lecture estim\u00e9e\" \/>\n\t<meta name=\"twitter:data1\" content=\"5 minutes\" \/>\n<script type=\"application\/ld+json\" class=\"yoast-schema-graph\">{\"@context\":\"https:\/\/schema.org\",\"@graph\":[{\"@type\":\"WebPage\",\"@id\":\"https:\/\/www.kaiser-fashion.de\/fr\/production\/\",\"url\":\"https:\/\/www.kaiser-fashion.de\/fr\/production\/\",\"name\":\"PRODUCTION - Kaiser Fashion Kleinheubach, HAKA Germany\",\"isPartOf\":{\"@id\":\"https:\/\/www.kaiser-fashion.de\/#website\"},\"primaryImageOfPage\":{\"@id\":\"https:\/\/www.kaiser-fashion.de\/fr\/production\/#primaryimage\"},\"image\":{\"@id\":\"https:\/\/www.kaiser-fashion.de\/fr\/production\/#primaryimage\"},\"thumbnailUrl\":\"https:\/\/www.kaiser-fashion.de\/wp-content\/uploads\/2016\/08\/IMG_0006bea1200.jpg\",\"datePublished\":\"2018-06-02T06:09:56+00:00\",\"dateModified\":\"2018-06-02T09:33:09+00:00\",\"breadcrumb\":{\"@id\":\"https:\/\/www.kaiser-fashion.de\/fr\/production\/#breadcrumb\"},\"inLanguage\":\"fr-FR\",\"potentialAction\":[{\"@type\":\"ReadAction\",\"target\":[\"https:\/\/www.kaiser-fashion.de\/fr\/production\/\"]}]},{\"@type\":\"ImageObject\",\"inLanguage\":\"fr-FR\",\"@id\":\"https:\/\/www.kaiser-fashion.de\/fr\/production\/#primaryimage\",\"url\":\"https:\/\/www.kaiser-fashion.de\/wp-content\/uploads\/2016\/08\/IMG_0006bea1200.jpg\",\"contentUrl\":\"https:\/\/www.kaiser-fashion.de\/wp-content\/uploads\/2016\/08\/IMG_0006bea1200.jpg\"},{\"@type\":\"BreadcrumbList\",\"@id\":\"https:\/\/www.kaiser-fashion.de\/fr\/production\/#breadcrumb\",\"itemListElement\":[{\"@type\":\"ListItem\",\"position\":1,\"name\":\"Startseite\",\"item\":\"https:\/\/www.kaiser-fashion.de\/fr\/\"},{\"@type\":\"ListItem\",\"position\":2,\"name\":\"PRODUCTION\"}]},{\"@type\":\"WebSite\",\"@id\":\"https:\/\/www.kaiser-fashion.de\/#website\",\"url\":\"https:\/\/www.kaiser-fashion.de\/\",\"name\":\"Kaiser Fashion Kleinheubach, HAKA Germany\",\"description\":\"HAKA Hersteller: Entwicklung, Produktion und Logistik\",\"publisher\":{\"@id\":\"https:\/\/www.kaiser-fashion.de\/#organization\"},\"potentialAction\":[{\"@type\":\"SearchAction\",\"target\":{\"@type\":\"EntryPoint\",\"urlTemplate\":\"https:\/\/www.kaiser-fashion.de\/?s={search_term_string}\"},\"query-input\":{\"@type\":\"PropertyValueSpecification\",\"valueRequired\":true,\"valueName\":\"search_term_string\"}}],\"inLanguage\":\"fr-FR\"},{\"@type\":\"Organization\",\"@id\":\"https:\/\/www.kaiser-fashion.de\/#organization\",\"name\":\"Kaiser Bekleidungs-GmbH\",\"url\":\"https:\/\/www.kaiser-fashion.de\/\",\"logo\":{\"@type\":\"ImageObject\",\"inLanguage\":\"fr-FR\",\"@id\":\"https:\/\/www.kaiser-fashion.de\/#\/schema\/logo\/image\/\",\"url\":\"https:\/\/www.kaiser-fashion.de\/wp-content\/uploads\/2016\/07\/kaiserlogoweb2016retina.jpg\",\"contentUrl\":\"https:\/\/www.kaiser-fashion.de\/wp-content\/uploads\/2016\/07\/kaiserlogoweb2016retina.jpg\",\"width\":324,\"height\":94,\"caption\":\"Kaiser Bekleidungs-GmbH\"},\"image\":{\"@id\":\"https:\/\/www.kaiser-fashion.de\/#\/schema\/logo\/image\/\"}}]}<\/script>\n<!-- \/ Yoast SEO plugin. -->","yoast_head_json":{"title":"PRODUCTION - Kaiser Fashion Kleinheubach, HAKA Germany","robots":{"index":"index","follow":"follow","max-snippet":"max-snippet:-1","max-image-preview":"max-image-preview:large","max-video-preview":"max-video-preview:-1"},"canonical":"https:\/\/www.kaiser-fashion.de\/fr\/production\/","og_locale":"fr_FR","og_type":"article","og_title":"PRODUCTION - Kaiser Fashion Kleinheubach, HAKA Germany","og_url":"https:\/\/www.kaiser-fashion.de\/fr\/production\/","og_site_name":"Kaiser Fashion Kleinheubach, HAKA Germany","article_modified_time":"2018-06-02T09:33:09+00:00","og_image":[{"url":"https:\/\/www.kaiser-fashion.de\/wp-content\/uploads\/2016\/08\/IMG_0006bea1200.jpg","type":"","width":"","height":""}],"twitter_card":"summary_large_image","twitter_misc":{"Dur\u00e9e de lecture estim\u00e9e":"5 minutes"},"schema":{"@context":"https:\/\/schema.org","@graph":[{"@type":"WebPage","@id":"https:\/\/www.kaiser-fashion.de\/fr\/production\/","url":"https:\/\/www.kaiser-fashion.de\/fr\/production\/","name":"PRODUCTION - Kaiser Fashion Kleinheubach, HAKA Germany","isPartOf":{"@id":"https:\/\/www.kaiser-fashion.de\/#website"},"primaryImageOfPage":{"@id":"https:\/\/www.kaiser-fashion.de\/fr\/production\/#primaryimage"},"image":{"@id":"https:\/\/www.kaiser-fashion.de\/fr\/production\/#primaryimage"},"thumbnailUrl":"https:\/\/www.kaiser-fashion.de\/wp-content\/uploads\/2016\/08\/IMG_0006bea1200.jpg","datePublished":"2018-06-02T06:09:56+00:00","dateModified":"2018-06-02T09:33:09+00:00","breadcrumb":{"@id":"https:\/\/www.kaiser-fashion.de\/fr\/production\/#breadcrumb"},"inLanguage":"fr-FR","potentialAction":[{"@type":"ReadAction","target":["https:\/\/www.kaiser-fashion.de\/fr\/production\/"]}]},{"@type":"ImageObject","inLanguage":"fr-FR","@id":"https:\/\/www.kaiser-fashion.de\/fr\/production\/#primaryimage","url":"https:\/\/www.kaiser-fashion.de\/wp-content\/uploads\/2016\/08\/IMG_0006bea1200.jpg","contentUrl":"https:\/\/www.kaiser-fashion.de\/wp-content\/uploads\/2016\/08\/IMG_0006bea1200.jpg"},{"@type":"BreadcrumbList","@id":"https:\/\/www.kaiser-fashion.de\/fr\/production\/#breadcrumb","itemListElement":[{"@type":"ListItem","position":1,"name":"Startseite","item":"https:\/\/www.kaiser-fashion.de\/fr\/"},{"@type":"ListItem","position":2,"name":"PRODUCTION"}]},{"@type":"WebSite","@id":"https:\/\/www.kaiser-fashion.de\/#website","url":"https:\/\/www.kaiser-fashion.de\/","name":"Kaiser Fashion Kleinheubach, HAKA Germany","description":"HAKA Hersteller: Entwicklung, Produktion und Logistik","publisher":{"@id":"https:\/\/www.kaiser-fashion.de\/#organization"},"potentialAction":[{"@type":"SearchAction","target":{"@type":"EntryPoint","urlTemplate":"https:\/\/www.kaiser-fashion.de\/?s={search_term_string}"},"query-input":{"@type":"PropertyValueSpecification","valueRequired":true,"valueName":"search_term_string"}}],"inLanguage":"fr-FR"},{"@type":"Organization","@id":"https:\/\/www.kaiser-fashion.de\/#organization","name":"Kaiser Bekleidungs-GmbH","url":"https:\/\/www.kaiser-fashion.de\/","logo":{"@type":"ImageObject","inLanguage":"fr-FR","@id":"https:\/\/www.kaiser-fashion.de\/#\/schema\/logo\/image\/","url":"https:\/\/www.kaiser-fashion.de\/wp-content\/uploads\/2016\/07\/kaiserlogoweb2016retina.jpg","contentUrl":"https:\/\/www.kaiser-fashion.de\/wp-content\/uploads\/2016\/07\/kaiserlogoweb2016retina.jpg","width":324,"height":94,"caption":"Kaiser Bekleidungs-GmbH"},"image":{"@id":"https:\/\/www.kaiser-fashion.de\/#\/schema\/logo\/image\/"}}]}},"_links":{"self":[{"href":"https:\/\/www.kaiser-fashion.de\/fr\/wp-json\/wp\/v2\/pages\/611","targetHints":{"allow":["GET"]}}],"collection":[{"href":"https:\/\/www.kaiser-fashion.de\/fr\/wp-json\/wp\/v2\/pages"}],"about":[{"href":"https:\/\/www.kaiser-fashion.de\/fr\/wp-json\/wp\/v2\/types\/page"}],"author":[{"embeddable":true,"href":"https:\/\/www.kaiser-fashion.de\/fr\/wp-json\/wp\/v2\/users\/1"}],"replies":[{"embeddable":true,"href":"https:\/\/www.kaiser-fashion.de\/fr\/wp-json\/wp\/v2\/comments?post=611"}],"version-history":[{"count":8,"href":"https:\/\/www.kaiser-fashion.de\/fr\/wp-json\/wp\/v2\/pages\/611\/revisions"}],"predecessor-version":[{"id":705,"href":"https:\/\/www.kaiser-fashion.de\/fr\/wp-json\/wp\/v2\/pages\/611\/revisions\/705"}],"wp:attachment":[{"href":"https:\/\/www.kaiser-fashion.de\/fr\/wp-json\/wp\/v2\/media?parent=611"}],"curies":[{"name":"wp","href":"https:\/\/api.w.org\/{rel}","templated":true}]}}