{"id":601,"date":"2018-06-02T07:59:31","date_gmt":"2018-06-02T05:59:31","guid":{"rendered":"https:\/\/www.kaiser-fashion.de\/entreprise\/histoire"},"modified":"2018-06-02T07:59:32","modified_gmt":"2018-06-02T05:59:32","slug":"histoire","status":"publish","type":"page","link":"https:\/\/www.kaiser-fashion.de\/fr\/entreprise\/histoire\/","title":{"rendered":"HISTOIRE"},"content":{"rendered":"<p><div class=\"fusion-fullwidth fullwidth-box fusion-builder-row-1 hundred-percent-fullwidth non-hundred-percent-height-scrolling\" style=\"--awb-border-radius-top-left:0px;--awb-border-radius-top-right:0px;--awb-border-radius-bottom-right:0px;--awb-border-radius-bottom-left:0px;--awb-overflow:visible;--awb-flex-wrap:wrap;\" ><div class=\"fusion-builder-row fusion-row\"><div class=\"fusion-layout-column fusion_builder_column fusion-builder-column-0 fusion_builder_column_1_1 1_1 fusion-one-full fusion-column-first fusion-column-last fusion-column-no-min-height\" style=\"--awb-bg-size:cover;--awb-margin-bottom:0px;\"><div class=\"fusion-column-wrapper fusion-flex-column-wrapper-legacy\"><div class=\"fusion-title title fusion-title-1 sep-underline sep-solid fusion-title-text fusion-title-size-two\"><h2 class=\"fusion-title-heading title-heading-left\" style=\"margin:0;\">\u00ab\u00a0Tout est possible!\u00a0\u00bb<\/h2><\/div><div class=\"fusion-clearfix\"><\/div><\/div><\/div><\/div><\/div><div class=\"fusion-fullwidth fullwidth-box fusion-builder-row-2 nonhundred-percent-fullwidth non-hundred-percent-height-scrolling\" style=\"--awb-background-position:left top;--awb-border-radius-top-left:0px;--awb-border-radius-top-right:0px;--awb-border-radius-bottom-right:0px;--awb-border-radius-bottom-left:0px;--awb-padding-top:20px;--awb-padding-bottom:20px;--awb-border-sizes-top:0px;--awb-border-sizes-bottom:0px;--awb-flex-wrap:wrap;\" ><div class=\"fusion-builder-row fusion-row\"><div class=\"fusion-layout-column fusion_builder_column fusion-builder-column-1 fusion_builder_column_1_1 1_1 fusion-one-full fusion-column-first fusion-column-last\" style=\"--awb-bg-size:cover;\"><div class=\"fusion-column-wrapper fusion-flex-column-wrapper-legacy\"><div class=\"fusion-text fusion-text-1 awb-text-cols fusion-text-columns-2\" style=\"--awb-columns:2;--awb-column-spacing:2em;--awb-column-min-width:200px;\"><p>Kaiser a \u00e9t\u00e9 fond\u00e9e en 1984 par le couple d&rsquo;entrepreneurs Gisa et Adi Kaiser. A l&rsquo;origine, Kaiser cherchait \u00e0 obtenir des commandes de suivi aupr\u00e8s des entreprises de vente par correspondance. Les facteurs les plus importants ont \u00e9t\u00e9 \u00e0 ce moment-l\u00e0 une connaissance approfondie du march\u00e9 du c\u00f4t\u00e9 de l&rsquo;approvisionnement ainsi que des informations d\u00e9taill\u00e9es sur les capacit\u00e9s de production disponibles afin de pouvoir livrer les produits finaux dans les plus brefs d\u00e9lais. \u00c0 cette \u00e9poque, leur maison servait de \u00absi\u00e8ge social\u00bb, tandis que leur salon de \u00absalle d&rsquo;exposition\u00bb.<\/p>\n<p>L\u2019entreprise s\u2019est d\u00e9velopp\u00e9e rapidement et de fa\u00e7on constante, bien que l\u2019esprit de ses d\u00e9buts se fasse encore ressentir aujourd\u2019hui et soit ainsi devenu le principe directeur de l&rsquo;entreprise: \u00ab Tout est possible\u00a0!\u00bb. Au d\u00e9but des ann\u00e9es 90,\u00a0Kaiser fut l\u2019un des premiers fabricants de v\u00eatements \u00e0 r\u00e9ussir des coop\u00e9rations commerciales avec des moissonneuses-batteuses locales sur le territoire de l\u2019Union-Sovi\u00e9tique, en les am\u00e9liorant d\u2019un point de vue technique et en assurant avec succ\u00e8s leur production pendant de nombreuses ann\u00e9es dans le pays.<\/p>\n<p>Kaiser a commenc\u00e9 ses premi\u00e8res productions en Extr\u00eame-Orient au milieu des ann\u00e9es 1990, principalement au Vietnam et en Chine. Aujourd&rsquo;hui, la plupart des usines de production de Kaiser sont situ\u00e9es en Extr\u00eame-Orient. En 1999, le nouveau si\u00e8ge de l&rsquo;entreprise a \u00e9t\u00e9 inaugur\u00e9.<\/p>\n<p>Le fondateur de l\u2019entreprise, Adolf Kaiser, est d\u00e9c\u00e9d\u00e9 le 14 novembre 2005. Pendant de nombreuses ann\u00e9es, sa personnalit\u00e9 entrepreneuriale unique fa\u00e7onnait l&rsquo;image de l\u2019entreprise depuis ses d\u00e9buts. Dans les derni\u00e8res ann\u00e9es de sa vie, il a pu profiter de sa retraite bien m\u00e9rit\u00e9e en compagnie de sa famille et pratiquer son passe-temps favori &#8211; l\u2019aviation.<\/p>\n<p>La m\u00eame ann\u00e9e, Kaiser a ouvert son nouveau centre logistique. Avec une superficie de plus de 20 000 m\u00e8tres carr\u00e9s, il \u00e9tait d\u00e9sormais possible de poursuivre une strat\u00e9gie d&rsquo;int\u00e9gration verticale et de r\u00e9pondre aux exigences logistiques accrues du march\u00e9.<\/p>\n<p>En 2014, un centre logistique ultramoderne d&rsquo;une superficie d&rsquo;environ 60 000 m2 et d&rsquo;une capacit\u00e9 de stockage d&rsquo;environ 1,5 million de v\u00eatements suspendus a \u00e9t\u00e9 construit \u00e0 proximit\u00e9 de l&rsquo;ancien si\u00e8ge de l&rsquo;entreprise. Les espaces de bureaux modernes et toutes les normes techniques requises offrent d\u00e9sormais un environnement de travail plus efficace et agr\u00e9able \u00e0 nos employ\u00e9s qualifi\u00e9s, les aidant ainsi \u00e0 relever les d\u00e9fis d\u2019une industrie complexe et internationale.<\/p>\n<p>Aujourd&rsquo;hui, la soci\u00e9t\u00e9 est dirig\u00e9e par les fr\u00e8res Michael et Stefan Kaiser.<\/p>\n<\/div><div class=\"fusion-clearfix\"><\/div><\/div><\/div><\/div><\/div><\/p>\n","protected":false},"excerpt":{"rendered":"","protected":false},"author":1,"featured_media":0,"parent":596,"menu_order":0,"comment_status":"closed","ping_status":"closed","template":"","meta":{"footnotes":""},"class_list":["post-601","page","type-page","status-publish","hentry"],"yoast_head":"<!-- This site is optimized with the Yoast SEO plugin v26.8 - https:\/\/yoast.com\/product\/yoast-seo-wordpress\/ -->\n<title>HISTOIRE - Kaiser Fashion Kleinheubach, HAKA Germany<\/title>\n<meta name=\"robots\" content=\"index, follow, max-snippet:-1, max-image-preview:large, max-video-preview:-1\" \/>\n<link rel=\"canonical\" href=\"https:\/\/www.kaiser-fashion.de\/fr\/entreprise\/histoire\/\" \/>\n<meta property=\"og:locale\" content=\"fr_FR\" \/>\n<meta property=\"og:type\" content=\"article\" \/>\n<meta property=\"og:title\" content=\"HISTOIRE - Kaiser Fashion Kleinheubach, HAKA Germany\" \/>\n<meta property=\"og:url\" content=\"https:\/\/www.kaiser-fashion.de\/fr\/entreprise\/histoire\/\" \/>\n<meta property=\"og:site_name\" content=\"Kaiser Fashion Kleinheubach, HAKA Germany\" \/>\n<meta property=\"article:modified_time\" content=\"2018-06-02T05:59:32+00:00\" \/>\n<meta name=\"twitter:card\" content=\"summary_large_image\" \/>\n<meta name=\"twitter:label1\" content=\"Dur\u00e9e de lecture estim\u00e9e\" \/>\n\t<meta name=\"twitter:data1\" content=\"4 minutes\" \/>\n<script type=\"application\/ld+json\" class=\"yoast-schema-graph\">{\"@context\":\"https:\/\/schema.org\",\"@graph\":[{\"@type\":\"WebPage\",\"@id\":\"https:\/\/www.kaiser-fashion.de\/fr\/entreprise\/histoire\/\",\"url\":\"https:\/\/www.kaiser-fashion.de\/fr\/entreprise\/histoire\/\",\"name\":\"HISTOIRE - Kaiser Fashion Kleinheubach, HAKA Germany\",\"isPartOf\":{\"@id\":\"https:\/\/www.kaiser-fashion.de\/#website\"},\"datePublished\":\"2018-06-02T05:59:31+00:00\",\"dateModified\":\"2018-06-02T05:59:32+00:00\",\"breadcrumb\":{\"@id\":\"https:\/\/www.kaiser-fashion.de\/fr\/entreprise\/histoire\/#breadcrumb\"},\"inLanguage\":\"fr-FR\",\"potentialAction\":[{\"@type\":\"ReadAction\",\"target\":[\"https:\/\/www.kaiser-fashion.de\/fr\/entreprise\/histoire\/\"]}]},{\"@type\":\"BreadcrumbList\",\"@id\":\"https:\/\/www.kaiser-fashion.de\/fr\/entreprise\/histoire\/#breadcrumb\",\"itemListElement\":[{\"@type\":\"ListItem\",\"position\":1,\"name\":\"Startseite\",\"item\":\"https:\/\/www.kaiser-fashion.de\/fr\/\"},{\"@type\":\"ListItem\",\"position\":2,\"name\":\"ENTREPRISE\",\"item\":\"https:\/\/www.kaiser-fashion.de\/fr\/\"},{\"@type\":\"ListItem\",\"position\":3,\"name\":\"HISTOIRE\"}]},{\"@type\":\"WebSite\",\"@id\":\"https:\/\/www.kaiser-fashion.de\/#website\",\"url\":\"https:\/\/www.kaiser-fashion.de\/\",\"name\":\"Kaiser Fashion Kleinheubach, HAKA Germany\",\"description\":\"HAKA Hersteller: Entwicklung, Produktion und Logistik\",\"publisher\":{\"@id\":\"https:\/\/www.kaiser-fashion.de\/#organization\"},\"potentialAction\":[{\"@type\":\"SearchAction\",\"target\":{\"@type\":\"EntryPoint\",\"urlTemplate\":\"https:\/\/www.kaiser-fashion.de\/?s={search_term_string}\"},\"query-input\":{\"@type\":\"PropertyValueSpecification\",\"valueRequired\":true,\"valueName\":\"search_term_string\"}}],\"inLanguage\":\"fr-FR\"},{\"@type\":\"Organization\",\"@id\":\"https:\/\/www.kaiser-fashion.de\/#organization\",\"name\":\"Kaiser Bekleidungs-GmbH\",\"url\":\"https:\/\/www.kaiser-fashion.de\/\",\"logo\":{\"@type\":\"ImageObject\",\"inLanguage\":\"fr-FR\",\"@id\":\"https:\/\/www.kaiser-fashion.de\/#\/schema\/logo\/image\/\",\"url\":\"https:\/\/www.kaiser-fashion.de\/wp-content\/uploads\/2016\/07\/kaiserlogoweb2016retina.jpg\",\"contentUrl\":\"https:\/\/www.kaiser-fashion.de\/wp-content\/uploads\/2016\/07\/kaiserlogoweb2016retina.jpg\",\"width\":324,\"height\":94,\"caption\":\"Kaiser Bekleidungs-GmbH\"},\"image\":{\"@id\":\"https:\/\/www.kaiser-fashion.de\/#\/schema\/logo\/image\/\"}}]}<\/script>\n<!-- \/ Yoast SEO plugin. -->","yoast_head_json":{"title":"HISTOIRE - Kaiser Fashion Kleinheubach, HAKA Germany","robots":{"index":"index","follow":"follow","max-snippet":"max-snippet:-1","max-image-preview":"max-image-preview:large","max-video-preview":"max-video-preview:-1"},"canonical":"https:\/\/www.kaiser-fashion.de\/fr\/entreprise\/histoire\/","og_locale":"fr_FR","og_type":"article","og_title":"HISTOIRE - Kaiser Fashion Kleinheubach, HAKA Germany","og_url":"https:\/\/www.kaiser-fashion.de\/fr\/entreprise\/histoire\/","og_site_name":"Kaiser Fashion Kleinheubach, HAKA Germany","article_modified_time":"2018-06-02T05:59:32+00:00","twitter_card":"summary_large_image","twitter_misc":{"Dur\u00e9e de lecture estim\u00e9e":"4 minutes"},"schema":{"@context":"https:\/\/schema.org","@graph":[{"@type":"WebPage","@id":"https:\/\/www.kaiser-fashion.de\/fr\/entreprise\/histoire\/","url":"https:\/\/www.kaiser-fashion.de\/fr\/entreprise\/histoire\/","name":"HISTOIRE - Kaiser Fashion Kleinheubach, HAKA Germany","isPartOf":{"@id":"https:\/\/www.kaiser-fashion.de\/#website"},"datePublished":"2018-06-02T05:59:31+00:00","dateModified":"2018-06-02T05:59:32+00:00","breadcrumb":{"@id":"https:\/\/www.kaiser-fashion.de\/fr\/entreprise\/histoire\/#breadcrumb"},"inLanguage":"fr-FR","potentialAction":[{"@type":"ReadAction","target":["https:\/\/www.kaiser-fashion.de\/fr\/entreprise\/histoire\/"]}]},{"@type":"BreadcrumbList","@id":"https:\/\/www.kaiser-fashion.de\/fr\/entreprise\/histoire\/#breadcrumb","itemListElement":[{"@type":"ListItem","position":1,"name":"Startseite","item":"https:\/\/www.kaiser-fashion.de\/fr\/"},{"@type":"ListItem","position":2,"name":"ENTREPRISE","item":"https:\/\/www.kaiser-fashion.de\/fr\/"},{"@type":"ListItem","position":3,"name":"HISTOIRE"}]},{"@type":"WebSite","@id":"https:\/\/www.kaiser-fashion.de\/#website","url":"https:\/\/www.kaiser-fashion.de\/","name":"Kaiser Fashion Kleinheubach, HAKA Germany","description":"HAKA Hersteller: Entwicklung, Produktion und Logistik","publisher":{"@id":"https:\/\/www.kaiser-fashion.de\/#organization"},"potentialAction":[{"@type":"SearchAction","target":{"@type":"EntryPoint","urlTemplate":"https:\/\/www.kaiser-fashion.de\/?s={search_term_string}"},"query-input":{"@type":"PropertyValueSpecification","valueRequired":true,"valueName":"search_term_string"}}],"inLanguage":"fr-FR"},{"@type":"Organization","@id":"https:\/\/www.kaiser-fashion.de\/#organization","name":"Kaiser Bekleidungs-GmbH","url":"https:\/\/www.kaiser-fashion.de\/","logo":{"@type":"ImageObject","inLanguage":"fr-FR","@id":"https:\/\/www.kaiser-fashion.de\/#\/schema\/logo\/image\/","url":"https:\/\/www.kaiser-fashion.de\/wp-content\/uploads\/2016\/07\/kaiserlogoweb2016retina.jpg","contentUrl":"https:\/\/www.kaiser-fashion.de\/wp-content\/uploads\/2016\/07\/kaiserlogoweb2016retina.jpg","width":324,"height":94,"caption":"Kaiser Bekleidungs-GmbH"},"image":{"@id":"https:\/\/www.kaiser-fashion.de\/#\/schema\/logo\/image\/"}}]}},"_links":{"self":[{"href":"https:\/\/www.kaiser-fashion.de\/fr\/wp-json\/wp\/v2\/pages\/601","targetHints":{"allow":["GET"]}}],"collection":[{"href":"https:\/\/www.kaiser-fashion.de\/fr\/wp-json\/wp\/v2\/pages"}],"about":[{"href":"https:\/\/www.kaiser-fashion.de\/fr\/wp-json\/wp\/v2\/types\/page"}],"author":[{"embeddable":true,"href":"https:\/\/www.kaiser-fashion.de\/fr\/wp-json\/wp\/v2\/users\/1"}],"replies":[{"embeddable":true,"href":"https:\/\/www.kaiser-fashion.de\/fr\/wp-json\/wp\/v2\/comments?post=601"}],"version-history":[{"count":2,"href":"https:\/\/www.kaiser-fashion.de\/fr\/wp-json\/wp\/v2\/pages\/601\/revisions"}],"predecessor-version":[{"id":603,"href":"https:\/\/www.kaiser-fashion.de\/fr\/wp-json\/wp\/v2\/pages\/601\/revisions\/603"}],"up":[{"embeddable":true,"href":"https:\/\/www.kaiser-fashion.de\/fr\/wp-json\/wp\/v2\/pages\/596"}],"wp:attachment":[{"href":"https:\/\/www.kaiser-fashion.de\/fr\/wp-json\/wp\/v2\/media?parent=601"}],"curies":[{"name":"wp","href":"https:\/\/api.w.org\/{rel}","templated":true}]}}