{"id":596,"date":"2018-06-02T07:57:34","date_gmt":"2018-06-02T05:57:34","guid":{"rendered":"https:\/\/www.kaiser-fashion.de\/entreprise"},"modified":"2018-06-02T11:16:38","modified_gmt":"2018-06-02T09:16:38","slug":"entreprise","status":"publish","type":"page","link":"https:\/\/www.kaiser-fashion.de\/fr\/","title":{"rendered":"ENTREPRISE"},"content":{"rendered":"<p><div class=\"fusion-fullwidth fullwidth-box fusion-builder-row-1 hundred-percent-fullwidth non-hundred-percent-height-scrolling\" style=\"--awb-border-radius-top-left:0px;--awb-border-radius-top-right:0px;--awb-border-radius-bottom-right:0px;--awb-border-radius-bottom-left:0px;--awb-padding-right:0px;--awb-padding-left:0px;--awb-margin-bottom:30px;--awb-flex-wrap:wrap;\" ><div class=\"fusion-builder-row fusion-row\"><div class=\"fusion-layout-column fusion_builder_column fusion-builder-column-0 fusion_builder_column_1_1 1_1 fusion-one-full fusion-column-first fusion-column-last fusion-no-small-visibility fusion-no-medium-visibility\" style=\"--awb-bg-size:cover;\"><div class=\"fusion-column-wrapper fusion-flex-column-wrapper-legacy\">\n<div class=\"fusion-slider-revolution rev_slider_wrapper\">\t\t\t<!-- START videoself1920 REVOLUTION SLIDER 6.7.39 --><p class=\"rs-p-wp-fix\"><\/p>\n\t\t\t<rs-module-wrap id=\"rev_slider_16_1_wrapper\" data-source=\"gallery\" style=\"visibility:hidden;background:transparent;padding:0;margin:0px auto;margin-top:0;margin-bottom:0;max-width:1920px;\">\n\t\t\t\t<rs-module id=\"rev_slider_16_1\" style=\"\" data-version=\"6.7.39\">\n\t\t\t\t\t<rs-slides style=\"overflow: hidden; position: absolute;\">\n\t\t\t\t\t\t<rs-slide style=\"position: absolute;\" data-key=\"rs-21\" data-title=\"Slide\" data-anim=\"adpr:false;\">\n\t\t\t\t\t\t\t<img decoding=\"async\" src=\"\/\/www.kaiser-fashion.de\/wp-content\/plugins\/revslider\/sr6\/assets\/assets\/dummy.png\" alt=\"\" title=\"transparent\" width=\"10\" height=\"10\" class=\"rev-slidebg tp-rs-img rs-lazyload\" data-lazyload=\"\/\/www.kaiser-fashion.de\/wp-content\/uploads\/2018\/05\/transparent.png\" data-no-retina>\n\t\t\t\t\t\t\t<rs-bgvideo \n\t\t\t\t\t\t\t\tdata-video=\"w:100%;h:100%;nse:false;l:loopandnoslidestop;ptimer:false;vfc:true;\"\n\t\t\t\t\t\t\t\tdata-mp4=\"\/\/www.kaiser-fashion.de\/wp-content\/uploads\/2018\/06\/1742 2_1920.mp4\"\n\t\t\t\t\t\t\t><\/rs-bgvideo>\n<!---->\t\t\t\t\t<\/rs-slide>\n\t\t\t\t\t<\/rs-slides>\n\t\t\t\t<\/rs-module>\n\t\t\t\t<script>\n\t\t\t\t\tsetREVStartSize({c: 'rev_slider_16_1',rl:[1240,1024,778,480],el:[],gw:[1920],gh:[817],type:'standard',justify:'',layout:'fullwidth',mh:\"0\"});if (window.RS_MODULES!==undefined && window.RS_MODULES.modules!==undefined && window.RS_MODULES.modules[\"revslider161\"]!==undefined) {window.RS_MODULES.modules[\"revslider161\"].once = false;window.revapi16 = undefined;if (window.RS_MODULES.checkMinimal!==undefined) window.RS_MODULES.checkMinimal()}\n\t\t\t\t<\/script>\n\t\t\t<\/rs-module-wrap>\n\t\t\t<!-- END REVOLUTION SLIDER -->\n<\/div><div class=\"fusion-clearfix\"><\/div><\/div><\/div><div class=\"fusion-layout-column fusion_builder_column fusion-builder-column-1 fusion_builder_column_1_1 1_1 fusion-one-full fusion-column-first fusion-column-last fusion-no-small-visibility fusion-no-large-visibility\" style=\"--awb-bg-size:cover;\"><div class=\"fusion-column-wrapper fusion-flex-column-wrapper-legacy\">\n<div class=\"fusion-slider-revolution rev_slider_wrapper\">\t\t\t<!-- START videoself1280 REVOLUTION SLIDER 6.7.39 --><p class=\"rs-p-wp-fix\"><\/p>\n\t\t\t<rs-module-wrap id=\"rev_slider_17_2_wrapper\" data-source=\"gallery\" style=\"visibility:hidden;background:transparent;padding:0;margin:0px auto;margin-top:0;margin-bottom:0;max-width:1920px;\">\n\t\t\t\t<rs-module id=\"rev_slider_17_2\" style=\"\" data-version=\"6.7.39\">\n\t\t\t\t\t<rs-slides style=\"overflow: hidden; position: absolute;\">\n\t\t\t\t\t\t<rs-slide style=\"position: absolute;\" data-key=\"rs-22\" data-title=\"Slide\" data-anim=\"adpr:false;\">\n\t\t\t\t\t\t\t<img decoding=\"async\" src=\"\/\/www.kaiser-fashion.de\/wp-content\/plugins\/revslider\/sr6\/assets\/assets\/dummy.png\" alt=\"\" title=\"transparent\" width=\"10\" height=\"10\" class=\"rev-slidebg tp-rs-img rs-lazyload\" data-lazyload=\"\/\/www.kaiser-fashion.de\/wp-content\/uploads\/2018\/05\/transparent.png\" data-no-retina>\n\t\t\t\t\t\t\t<rs-bgvideo \n\t\t\t\t\t\t\t\tdata-video=\"w:100%;h:100%;nse:false;l:loopandnoslidestop;ptimer:false;vfc:true;\"\n\t\t\t\t\t\t\t\tdata-mp4=\"\/\/www.kaiser-fashion.de\/wp-content\/uploads\/2018\/06\/1742 2_1280.mp4\"\n\t\t\t\t\t\t\t><\/rs-bgvideo>\n<!---->\t\t\t\t\t<\/rs-slide>\n\t\t\t\t\t<\/rs-slides>\n\t\t\t\t<\/rs-module>\n\t\t\t\t<script>\n\t\t\t\t\tsetREVStartSize({c: 'rev_slider_17_2',rl:[1240,1024,778,480],el:[],gw:[1280],gh:[544],type:'standard',justify:'',layout:'fullwidth',mh:\"0\"});if (window.RS_MODULES!==undefined && window.RS_MODULES.modules!==undefined && window.RS_MODULES.modules[\"revslider172\"]!==undefined) {window.RS_MODULES.modules[\"revslider172\"].once = false;window.revapi17 = undefined;if (window.RS_MODULES.checkMinimal!==undefined) window.RS_MODULES.checkMinimal()}\n\t\t\t\t<\/script>\n\t\t\t<\/rs-module-wrap>\n\t\t\t<!-- END REVOLUTION SLIDER -->\n<\/div><div class=\"fusion-clearfix\"><\/div><\/div><\/div><div class=\"fusion-layout-column fusion_builder_column fusion-builder-column-2 fusion_builder_column_1_1 1_1 fusion-one-full fusion-column-first fusion-column-last fusion-no-medium-visibility fusion-no-large-visibility\" style=\"--awb-bg-size:cover;\"><div class=\"fusion-column-wrapper fusion-flex-column-wrapper-legacy\">\n<div class=\"fusion-slider-revolution rev_slider_wrapper\">\t\t\t<!-- START videoself854 REVOLUTION SLIDER 6.7.39 --><p class=\"rs-p-wp-fix\"><\/p>\n\t\t\t<rs-module-wrap id=\"rev_slider_18_3_wrapper\" data-source=\"gallery\" style=\"visibility:hidden;background:transparent;padding:0;margin:0px auto;margin-top:0;margin-bottom:0;max-width:1920px;\">\n\t\t\t\t<rs-module id=\"rev_slider_18_3\" style=\"\" data-version=\"6.7.39\">\n\t\t\t\t\t<rs-slides style=\"overflow: hidden; position: absolute;\">\n\t\t\t\t\t\t<rs-slide style=\"position: absolute;\" data-key=\"rs-23\" data-title=\"Slide\" data-anim=\"adpr:false;\">\n\t\t\t\t\t\t\t<img decoding=\"async\" src=\"\/\/www.kaiser-fashion.de\/wp-content\/plugins\/revslider\/sr6\/assets\/assets\/dummy.png\" alt=\"\" title=\"transparent\" width=\"10\" height=\"10\" class=\"rev-slidebg tp-rs-img rs-lazyload\" data-lazyload=\"\/\/www.kaiser-fashion.de\/wp-content\/uploads\/2018\/05\/transparent.png\" data-no-retina>\n\t\t\t\t\t\t\t<rs-bgvideo \n\t\t\t\t\t\t\t\tdata-video=\"w:100%;h:100%;nse:false;l:loopandnoslidestop;ptimer:false;vfc:true;\"\n\t\t\t\t\t\t\t\tdata-mp4=\"\/\/www.kaiser-fashion.de\/wp-content\/uploads\/2018\/06\/1742-2_854.mp4\"\n\t\t\t\t\t\t\t><\/rs-bgvideo>\n<!---->\t\t\t\t\t<\/rs-slide>\n\t\t\t\t\t<\/rs-slides>\n\t\t\t\t<\/rs-module>\n\t\t\t\t<script>\n\t\t\t\t\tsetREVStartSize({c: 'rev_slider_18_3',rl:[1240,1024,778,480],el:[],gw:[1280],gh:[544],type:'standard',justify:'',layout:'fullwidth',mh:\"0\"});if (window.RS_MODULES!==undefined && window.RS_MODULES.modules!==undefined && window.RS_MODULES.modules[\"revslider183\"]!==undefined) {window.RS_MODULES.modules[\"revslider183\"].once = false;window.revapi18 = undefined;if (window.RS_MODULES.checkMinimal!==undefined) window.RS_MODULES.checkMinimal()}\n\t\t\t\t<\/script>\n\t\t\t<\/rs-module-wrap>\n\t\t\t<!-- END REVOLUTION SLIDER -->\n<\/div><div class=\"fusion-clearfix\"><\/div><\/div><\/div><\/div><\/div><div class=\"fusion-fullwidth fullwidth-box fusion-builder-row-2 nonhundred-percent-fullwidth non-hundred-percent-height-scrolling\" style=\"--awb-border-color:#e5e4e4;--awb-border-radius-top-left:0px;--awb-border-radius-top-right:0px;--awb-border-radius-bottom-right:0px;--awb-border-radius-bottom-left:0px;--awb-padding-top:0px;--awb-padding-right:30px;--awb-padding-bottom:0px;--awb-padding-left:30px;--awb-border-sizes-top:0px;--awb-border-sizes-bottom:0px;--awb-flex-wrap:wrap;\" ><div class=\"fusion-builder-row fusion-row\"><div class=\"fusion-layout-column fusion_builder_column fusion-builder-column-3 fusion_builder_column_1_2 1_2 fusion-one-half fusion-column-first fusion-column-no-min-height\" style=\"--awb-bg-size:cover;--awb-margin-bottom:0px;width:48%; margin-right: 4%;\"><div class=\"fusion-column-wrapper fusion-flex-column-wrapper-legacy\"><div class=\"fusion-title title fusion-title-1 sep-underline sep-solid fusion-title-text fusion-title-size-two\"><h2 class=\"fusion-title-heading title-heading-left\" style=\"margin:0;\">Kaiser \u2013 Sa strat\u00e9gie pour conqu\u00e9rir le march\u00e9 !<\/h2><\/div><div class=\"fusion-text fusion-text-1\"><p>Kaiser est un fabricant mondial de v\u00eatements d\u2019ext\u00e9rieur pour hommes (HAKA). Notre gamme de produits comprend principalement des pantalons, vestes, pardessus, manteaux et costumes. Kaiser fabrique dans le monde entier dans ses filiales situ\u00e9es principalement en Extr\u00eame-Orient, en Turquie et en Europe de l&rsquo;Est.<\/p>\n<p>Kaiser se d\u00e9finit comme une entreprise de services. Notre objectif principal est d&rsquo;identifier les besoins r\u00e9els de nos clients puis de d\u00e9velopper des concepts sur mesure alliant conception, cr\u00e9ation, production et logistique. Nous approvisionnons nos principaux clients europ\u00e9ens dans le commerce de d\u00e9tail, la vente \u00e0 distance (vente par correspondance et en ligne) et les march\u00e9s verticaux. Les exigences sp\u00e9cifiques des magasins discount en passant par celles des grands magasins sont soigneusement prises en compte et int\u00e9gr\u00e9es dans les processus correspondants.<\/p>\n<p>Guid\u00e9 par l&rsquo;id\u00e9e de base que \u00ab\u00a0Tout est possible!\u00a0\u00bb, Kaiser r\u00e9pond aux exigences de ses clients en termes de design, de qualit\u00e9, de temps, de logistique, ainsi que de prix. Nous offrons un tr\u00e8s bon rapport qualit\u00e9-prix et combinons cela \u00e0 un service appropri\u00e9.<\/p>\n<\/div><div class=\"fusion-clearfix\"><\/div><\/div><\/div><div class=\"fusion-layout-column fusion_builder_column fusion-builder-column-4 fusion_builder_column_1_2 1_2 fusion-one-half fusion-column-last fusion-column-no-min-height\" style=\"--awb-bg-size:cover;--awb-margin-bottom:0px;width:48%;\"><div class=\"fusion-column-wrapper fusion-flex-column-wrapper-legacy\"><div class=\"fusion-title title fusion-title-2 sep-underline sep-solid fusion-title-text fusion-title-size-two\"><h2 class=\"fusion-title-heading title-heading-left\" style=\"margin:0;\">Responsabilit\u00e9 de l&rsquo;ensemble de la cha\u00eene de processus<\/h2><\/div><div class=\"fusion-text fusion-text-2\"><p>Contrairement \u00e0 d&rsquo;autres fournisseurs, Kaiser dirige toute la cha\u00eene de processus. C\u2019est en cela qu\u2019il se diff\u00e9rencie clairement des importateurs et des agents.<\/p>\n<p>Nous revendiquons le fait que nous sommes responsables de l&rsquo;ensemble de la cha\u00eene de processus et, toujours pour le bien de notre client\u00e8le, le fait de combiner <a href=\"https:\/\/www.kaiser-fashion.de\/fr\/developpement-design\">la conception, le d\u00e9veloppement<\/a>, la <a href=\"https:\/\/www.kaiser-fashion.de\/fr\/production\">production<\/a>, la <a href=\"https:\/\/www.kaiser-fashion.de\/fr\/logistique\">logistique<\/a> et la gestion des stocks (jusqu&rsquo;\u00e0 l&rsquo;int\u00e9gration verticale). Nous minimisons ainsi le risque pour nos clients.<\/p>\n<p>Notre client, avec ses besoins sp\u00e9cifiques, est au centre de nos activit\u00e9s. Nous nous consid\u00e9rons comme garants de son succ\u00e8s: adaptez votre succ\u00e8s.<\/p>\n<\/div><div class=\"fusion-clearfix\"><\/div><\/div><\/div><\/div><\/div><\/p>\n","protected":false},"excerpt":{"rendered":"","protected":false},"author":1,"featured_media":0,"parent":0,"menu_order":4,"comment_status":"closed","ping_status":"closed","template":"100-width.php","meta":{"footnotes":""},"class_list":["post-596","page","type-page","status-publish","hentry"],"yoast_head":"<!-- This site is optimized with the Yoast SEO plugin v26.8 - https:\/\/yoast.com\/product\/yoast-seo-wordpress\/ -->\n<title>ENTREPRISE - Kaiser Fashion Kleinheubach, HAKA Germany<\/title>\n<meta name=\"description\" content=\"Kaiser est un fabricant mondial de v\u00eatements d\u2019ext\u00e9rieur pour hommes (HAKA). Notre gamme de produits comprend principalement des pantalons, vestes, pardessus, manteaux et costumes.\" \/>\n<meta name=\"robots\" content=\"index, follow, max-snippet:-1, max-image-preview:large, max-video-preview:-1\" \/>\n<link rel=\"canonical\" href=\"https:\/\/www.kaiser-fashion.de\/fr\/\" \/>\n<meta property=\"og:locale\" content=\"fr_FR\" \/>\n<meta property=\"og:type\" content=\"article\" \/>\n<meta property=\"og:title\" content=\"ENTREPRISE - Kaiser Fashion Kleinheubach, HAKA Germany\" \/>\n<meta property=\"og:description\" content=\"Kaiser est un fabricant mondial de v\u00eatements d\u2019ext\u00e9rieur pour hommes (HAKA). Notre gamme de produits comprend principalement des pantalons, vestes, pardessus, manteaux et costumes.\" \/>\n<meta property=\"og:url\" content=\"https:\/\/www.kaiser-fashion.de\/fr\/\" \/>\n<meta property=\"og:site_name\" content=\"Kaiser Fashion Kleinheubach, HAKA Germany\" \/>\n<meta property=\"article:modified_time\" content=\"2018-06-02T09:16:38+00:00\" \/>\n<meta name=\"twitter:card\" content=\"summary_large_image\" \/>\n<meta name=\"twitter:label1\" content=\"Dur\u00e9e de lecture estim\u00e9e\" \/>\n\t<meta name=\"twitter:data1\" content=\"5 minutes\" \/>\n<script type=\"application\/ld+json\" class=\"yoast-schema-graph\">{\"@context\":\"https:\/\/schema.org\",\"@graph\":[{\"@type\":\"WebPage\",\"@id\":\"https:\/\/www.kaiser-fashion.de\/fr\/\",\"url\":\"https:\/\/www.kaiser-fashion.de\/fr\/\",\"name\":\"ENTREPRISE - Kaiser Fashion Kleinheubach, HAKA Germany\",\"isPartOf\":{\"@id\":\"https:\/\/www.kaiser-fashion.de\/#website\"},\"datePublished\":\"2018-06-02T05:57:34+00:00\",\"dateModified\":\"2018-06-02T09:16:38+00:00\",\"description\":\"Kaiser est un fabricant mondial de v\u00eatements d\u2019ext\u00e9rieur pour hommes (HAKA). Notre gamme de produits comprend principalement des pantalons, vestes, pardessus, manteaux et costumes.\",\"breadcrumb\":{\"@id\":\"https:\/\/www.kaiser-fashion.de\/fr\/#breadcrumb\"},\"inLanguage\":\"fr-FR\",\"potentialAction\":[{\"@type\":\"ReadAction\",\"target\":[\"https:\/\/www.kaiser-fashion.de\/fr\/\"]}]},{\"@type\":\"BreadcrumbList\",\"@id\":\"https:\/\/www.kaiser-fashion.de\/fr\/#breadcrumb\",\"itemListElement\":[{\"@type\":\"ListItem\",\"position\":1,\"name\":\"Startseite\",\"item\":\"https:\/\/www.kaiser-fashion.de\/fr\/\"},{\"@type\":\"ListItem\",\"position\":2,\"name\":\"ENTREPRISE\"}]},{\"@type\":\"WebSite\",\"@id\":\"https:\/\/www.kaiser-fashion.de\/#website\",\"url\":\"https:\/\/www.kaiser-fashion.de\/\",\"name\":\"Kaiser Fashion Kleinheubach, HAKA Germany\",\"description\":\"HAKA Hersteller: Entwicklung, Produktion und Logistik\",\"publisher\":{\"@id\":\"https:\/\/www.kaiser-fashion.de\/#organization\"},\"potentialAction\":[{\"@type\":\"SearchAction\",\"target\":{\"@type\":\"EntryPoint\",\"urlTemplate\":\"https:\/\/www.kaiser-fashion.de\/?s={search_term_string}\"},\"query-input\":{\"@type\":\"PropertyValueSpecification\",\"valueRequired\":true,\"valueName\":\"search_term_string\"}}],\"inLanguage\":\"fr-FR\"},{\"@type\":\"Organization\",\"@id\":\"https:\/\/www.kaiser-fashion.de\/#organization\",\"name\":\"Kaiser Bekleidungs-GmbH\",\"url\":\"https:\/\/www.kaiser-fashion.de\/\",\"logo\":{\"@type\":\"ImageObject\",\"inLanguage\":\"fr-FR\",\"@id\":\"https:\/\/www.kaiser-fashion.de\/#\/schema\/logo\/image\/\",\"url\":\"https:\/\/www.kaiser-fashion.de\/wp-content\/uploads\/2016\/07\/kaiserlogoweb2016retina.jpg\",\"contentUrl\":\"https:\/\/www.kaiser-fashion.de\/wp-content\/uploads\/2016\/07\/kaiserlogoweb2016retina.jpg\",\"width\":324,\"height\":94,\"caption\":\"Kaiser Bekleidungs-GmbH\"},\"image\":{\"@id\":\"https:\/\/www.kaiser-fashion.de\/#\/schema\/logo\/image\/\"}}]}<\/script>\n<!-- \/ Yoast SEO plugin. -->","yoast_head_json":{"title":"ENTREPRISE - Kaiser Fashion Kleinheubach, HAKA Germany","description":"Kaiser est un fabricant mondial de v\u00eatements d\u2019ext\u00e9rieur pour hommes (HAKA). Notre gamme de produits comprend principalement des pantalons, vestes, pardessus, manteaux et costumes.","robots":{"index":"index","follow":"follow","max-snippet":"max-snippet:-1","max-image-preview":"max-image-preview:large","max-video-preview":"max-video-preview:-1"},"canonical":"https:\/\/www.kaiser-fashion.de\/fr\/","og_locale":"fr_FR","og_type":"article","og_title":"ENTREPRISE - Kaiser Fashion Kleinheubach, HAKA Germany","og_description":"Kaiser est un fabricant mondial de v\u00eatements d\u2019ext\u00e9rieur pour hommes (HAKA). Notre gamme de produits comprend principalement des pantalons, vestes, pardessus, manteaux et costumes.","og_url":"https:\/\/www.kaiser-fashion.de\/fr\/","og_site_name":"Kaiser Fashion Kleinheubach, HAKA Germany","article_modified_time":"2018-06-02T09:16:38+00:00","twitter_card":"summary_large_image","twitter_misc":{"Dur\u00e9e de lecture estim\u00e9e":"5 minutes"},"schema":{"@context":"https:\/\/schema.org","@graph":[{"@type":"WebPage","@id":"https:\/\/www.kaiser-fashion.de\/fr\/","url":"https:\/\/www.kaiser-fashion.de\/fr\/","name":"ENTREPRISE - Kaiser Fashion Kleinheubach, HAKA Germany","isPartOf":{"@id":"https:\/\/www.kaiser-fashion.de\/#website"},"datePublished":"2018-06-02T05:57:34+00:00","dateModified":"2018-06-02T09:16:38+00:00","description":"Kaiser est un fabricant mondial de v\u00eatements d\u2019ext\u00e9rieur pour hommes (HAKA). Notre gamme de produits comprend principalement des pantalons, vestes, pardessus, manteaux et costumes.","breadcrumb":{"@id":"https:\/\/www.kaiser-fashion.de\/fr\/#breadcrumb"},"inLanguage":"fr-FR","potentialAction":[{"@type":"ReadAction","target":["https:\/\/www.kaiser-fashion.de\/fr\/"]}]},{"@type":"BreadcrumbList","@id":"https:\/\/www.kaiser-fashion.de\/fr\/#breadcrumb","itemListElement":[{"@type":"ListItem","position":1,"name":"Startseite","item":"https:\/\/www.kaiser-fashion.de\/fr\/"},{"@type":"ListItem","position":2,"name":"ENTREPRISE"}]},{"@type":"WebSite","@id":"https:\/\/www.kaiser-fashion.de\/#website","url":"https:\/\/www.kaiser-fashion.de\/","name":"Kaiser Fashion Kleinheubach, HAKA Germany","description":"HAKA Hersteller: Entwicklung, Produktion und Logistik","publisher":{"@id":"https:\/\/www.kaiser-fashion.de\/#organization"},"potentialAction":[{"@type":"SearchAction","target":{"@type":"EntryPoint","urlTemplate":"https:\/\/www.kaiser-fashion.de\/?s={search_term_string}"},"query-input":{"@type":"PropertyValueSpecification","valueRequired":true,"valueName":"search_term_string"}}],"inLanguage":"fr-FR"},{"@type":"Organization","@id":"https:\/\/www.kaiser-fashion.de\/#organization","name":"Kaiser Bekleidungs-GmbH","url":"https:\/\/www.kaiser-fashion.de\/","logo":{"@type":"ImageObject","inLanguage":"fr-FR","@id":"https:\/\/www.kaiser-fashion.de\/#\/schema\/logo\/image\/","url":"https:\/\/www.kaiser-fashion.de\/wp-content\/uploads\/2016\/07\/kaiserlogoweb2016retina.jpg","contentUrl":"https:\/\/www.kaiser-fashion.de\/wp-content\/uploads\/2016\/07\/kaiserlogoweb2016retina.jpg","width":324,"height":94,"caption":"Kaiser Bekleidungs-GmbH"},"image":{"@id":"https:\/\/www.kaiser-fashion.de\/#\/schema\/logo\/image\/"}}]}},"_links":{"self":[{"href":"https:\/\/www.kaiser-fashion.de\/fr\/wp-json\/wp\/v2\/pages\/596","targetHints":{"allow":["GET"]}}],"collection":[{"href":"https:\/\/www.kaiser-fashion.de\/fr\/wp-json\/wp\/v2\/pages"}],"about":[{"href":"https:\/\/www.kaiser-fashion.de\/fr\/wp-json\/wp\/v2\/types\/page"}],"author":[{"embeddable":true,"href":"https:\/\/www.kaiser-fashion.de\/fr\/wp-json\/wp\/v2\/users\/1"}],"replies":[{"embeddable":true,"href":"https:\/\/www.kaiser-fashion.de\/fr\/wp-json\/wp\/v2\/comments?post=596"}],"version-history":[{"count":5,"href":"https:\/\/www.kaiser-fashion.de\/fr\/wp-json\/wp\/v2\/pages\/596\/revisions"}],"predecessor-version":[{"id":686,"href":"https:\/\/www.kaiser-fashion.de\/fr\/wp-json\/wp\/v2\/pages\/596\/revisions\/686"}],"wp:attachment":[{"href":"https:\/\/www.kaiser-fashion.de\/fr\/wp-json\/wp\/v2\/media?parent=596"}],"curies":[{"name":"wp","href":"https:\/\/api.w.org\/{rel}","templated":true}]}}