{"id":589,"date":"2018-06-02T07:21:10","date_gmt":"2018-06-02T05:21:10","guid":{"rendered":"https:\/\/www.kaiser-fashion.de\/politique-de-confidentialite"},"modified":"2019-12-27T09:59:05","modified_gmt":"2019-12-27T08:59:05","slug":"politique-de-confidentialite","status":"publish","type":"page","link":"https:\/\/www.kaiser-fashion.de\/fr\/politique-de-confidentialite\/","title":{"rendered":"Politique de confidentialit\u00e9"},"content":{"rendered":"<div class=\"fusion-fullwidth fullwidth-box fusion-builder-row-1 hundred-percent-fullwidth non-hundred-percent-height-scrolling\" style=\"--awb-border-radius-top-left:0px;--awb-border-radius-top-right:0px;--awb-border-radius-bottom-right:0px;--awb-border-radius-bottom-left:0px;--awb-overflow:visible;--awb-flex-wrap:wrap;\" ><div class=\"fusion-builder-row fusion-row\"><div class=\"fusion-layout-column fusion_builder_column fusion-builder-column-0 fusion_builder_column_3_4 3_4 fusion-three-fourth fusion-column-first\" style=\"--awb-bg-size:cover;width:74%; margin-right: 4%;\"><div class=\"fusion-column-wrapper fusion-flex-column-wrapper-legacy\"><div class=\"fusion-text fusion-text-1\"><h2>Politique de confidentialit\u00e9<\/h2>\n<p>Nous traitons uniquement vos donn\u00e9es \u00e0 caract\u00e8re personnel (ci-apr\u00e8s d\u00e9nomm\u00e9es le plus souvent \u00ab\u00a0Donn\u00e9es\u00a0\u00bb) selon les besoins et dans le but de proposer un site internet fonctionnel et convivial, notamment dans son contenu et en termes de services propos\u00e9s.<\/p>\n<p>En vertu de l\u2019art. 4, paragraphe 1, du r\u00e8glement (UE) 2016\/679, le r\u00e8glement de base sur la protection des donn\u00e9es (ci-apr\u00e8s d\u00e9nomm\u00e9 \u00ab\u00a0RGPD\u00a0\u00bb) correspond \u00e0 toute op\u00e9ration ou tout ensemble d\u2019op\u00e9rations effectu\u00e9es avec ou sans proc\u00e9d\u00e9s automatis\u00e9s et appliqu\u00e9s \u00e0 des donn\u00e9es ou des ensembles de donn\u00e9es \u00e0 caract\u00e8re personnel, telles que la collecte, l\u2019enregistrement, l\u2019organisation, la structuration, la conservation, l\u2019adaptation ou la modification, la lecture, la consultation, l\u2019utilisation, la communication par transmission, la diffusion ou tout autre moyen permettant le rapprochement ou l\u2019interconnexion, la limitation, l\u2019effacement ou la destruction.<\/p>\n<p>Notre politique de confidentialit\u00e9 vous fournit principalement des informations relatives \u00e0 la nature, la port\u00e9e, l\u2019objectif, la dur\u00e9e et la base l\u00e9gale du traitement des donn\u00e9es \u00e0 caract\u00e8re personnel, dans la mesure o\u00f9 nous d\u00e9cidons des objectifs et des moyens du traitement, seuls ou avec d\u2019autres partenaires. Nous vous informons \u00e9galement des partenaires tiers avec lesquels nous travaillons \u00e0 des fins d\u2019optimisation et d\u2019augmentation de la qualit\u00e9 d\u2019utilisation, lorsque ces derniers traitent les donn\u00e9es sous leur propre responsabilit\u00e9.<\/p>\n<p>Notre politique de confidentialit\u00e9 est structur\u00e9e comme suit\u00a0:<\/p>\n<p>I. Informations nous concernant en tant que responsables<br \/>\nII. Droits de l\u2019utilisateur et des parties concern\u00e9es<br \/>\nIII. Informations relatives au traitement des donn\u00e9es<\/p>\n<p><strong>I. Informations nous concernant en tant que responsables<\/strong><\/p>\n<p>En termes de protection des donn\u00e9es, le fournisseur responsable de ce site internet est\u00a0:<\/p>\n<p><strong>Kaiser Bekleidungs-GmbH<\/strong><br \/>\nAm Hundsr\u00fcck 4<\/p>\n<p>D-63924 Kleinheubach<\/p>\n<p>Deutschland<\/p>\n<p>fon: +49-9371-97400<br \/>\nfax: +49-9371-974056<br \/>\nmail:\u00a0info@kaiser-fashion.de<\/p>\n<p><strong>II. Droits de l\u2019utilisateur et des parties concern\u00e9es<\/strong><\/p>\n<p>En ce qui concerne le traitement des donn\u00e9es d\u00e9crit ci-dessous plus en d\u00e9tail, les utilisateurs et les personnes concern\u00e9es ont le droit\u00a0:<\/p>\n<ul type=\"disc\">\n<li>D\u2019obtenir la confirmation que les donn\u00e9es sont trait\u00e9es, de savoir quels types de donn\u00e9es sont trait\u00e9s, d\u2019obtenir des informations suppl\u00e9mentaires relatives au traitement des donn\u00e9es et des copies des donn\u00e9es (voir \u00e9galement l\u2019Art. 15 du RGPD)\u00a0;<\/li>\n<li>De pouvoir corriger ou compl\u00e9ter des donn\u00e9es erron\u00e9es ou incompl\u00e8tes (voir l\u2019Art. 16 du RGPD)\u00a0;<\/li>\n<li>De pouvoir supprimer imm\u00e9diatement les donn\u00e9es les concernant (voir \u00e9galement l\u2019Art. 17 du RGPD), ou, de savoir si un traitement suppl\u00e9mentaire, conform\u00e9ment \u00e0 l\u2019Art. 17, paragraphe 3 du RGPD, est requis. De pouvoir limiter le traitement, conform\u00e9ment \u00e0 l\u2019Art. 18 du RGPD\u00a0;<\/li>\n<li>De pouvoir obtenir les donn\u00e9es les concernant et qu\u2019ils ont fournies, et de savoir si ces donn\u00e9es ont \u00e9t\u00e9 transmises \u00e0 d\u2019autres prestataires\/autorit\u00e9s (voir \u00e9galement l\u2019Art. 20 du RGPD)\u00a0;<\/li>\n<li>De d\u00e9poser une plainte aupr\u00e8s des autorit\u00e9s de contr\u00f4le s\u2019ils consid\u00e8rent que le fournisseur viole la r\u00e8glementation en mati\u00e8re de protection des donn\u00e9es (voir \u00e9galement l\u2019Art. 77 du RGPD).<\/li>\n<\/ul>\n<p>En outre, le fournisseur est tenu d\u2019informer tous les destinataires, aupr\u00e8s desquels les donn\u00e9es ont \u00e9t\u00e9 divulgu\u00e9es, de toute modification, suppression de donn\u00e9es ou restriction du traitement, et ce, conform\u00e9ment \u00e0 l\u2019article 16, 17 paragraphes 1, 18 du RGPD. Cependant, cette obligation ne s\u2019applique toutefois pas si la communication des informations s\u2019av\u00e8re impossible ou implique des efforts disproportionn\u00e9s. L\u2019utilisateur a n\u00e9anmoins le droit d\u2019obtenir des informations sur ces destinataires.<\/p>\n<p><strong>De m\u00eame, en vertu de l\u2019Art. 21 du RGPD, les utilisateurs et les personnes concern\u00e9es peuvent s\u2019opposer au traitement ult\u00e9rieur de leurs donn\u00e9es si les donn\u00e9es sont trait\u00e9es par le fournisseur conform\u00e9ment \u00e0 l\u2019Art. 6, paragraphe 1, point f du RGPD. Il est en particulier autoris\u00e9 de s\u2019opposer au traitement des donn\u00e9es \u00e0 des fins de publicit\u00e9 directe.<\/strong><\/p>\n<p><strong>III. Informations relatives au traitement des donn\u00e9es<\/strong><\/p>\n<p>Vos donn\u00e9es trait\u00e9es lors de l\u2019utilisation de notre site internet seront supprim\u00e9es ou bloqu\u00e9es d\u00e8s lors que la raison de leur conservation n\u2019a plus lieu d\u2019\u00eatre, que leur suppression n\u2019entre pas en conflit avec les exigences l\u00e9gales en mati\u00e8re de conservation. Aucune autre information ne sera fournie ult\u00e9rieurement relativement aux m\u00e9thodes de traitement individuelles.<\/p>\n<h4>Donn\u00e9es de serveur<\/h4>\n<p>Pour des raisons techniques, et notamment pour assurer la s\u00e9curit\u00e9 et la stabilit\u00e9 du site internet, les donn\u00e9es nous sont transmises via votre navigateur Internet ou sont transmises \u00e0 notre fournisseur d\u2019espace internet. Les fichiers journaux de serveur collectent\u00a0: le type et la version de votre navigateur internet, votre syst\u00e8me d\u2019exploitation, le site internet \u00e0 partir duquel vous \u00eates arriv\u00e9 sur notre site (URL de r\u00e9f\u00e9rence), le ou les pages de notre site que vous consultez, la date et l\u2019heure de l\u2019acc\u00e8s, et enfin, l\u2019adresse IP de la connexion internet \u00e0 partir de laquelle l\u2019utilisation de notre site a eu lieu.<\/p>\n<p>Ces donn\u00e9es collect\u00e9es seront temporairement conserv\u00e9es, mais ne seront pas partag\u00e9es avec d\u2019autres donn\u00e9es vous concernant.<\/p>\n<p>Cette conservation est effectu\u00e9e selon l\u2019Art. 6, paragraphe 1, point f) du RGPD. Notre int\u00e9r\u00eat est l\u00e9gitime car ces donn\u00e9es participent \u00e0 l\u2019am\u00e9lioration, la stabilit\u00e9, la fonctionnalit\u00e9 et la s\u00e9curit\u00e9 de notre site.<\/p>\n<p>Les donn\u00e9es seront supprim\u00e9es au plus tard au bout de sept jours, sauf si nous devons les conserver plus longtemps \u00e0 titre probatoire. Dans ce cas, tout ou partie des donn\u00e9es sera conserv\u00e9 jusqu\u2019au r\u00e8glement d\u00e9finitif du probl\u00e8me.<\/p>\n<h4>Cookies<\/h4>\n<span class=\"borlabs-cookie-open-dialog-preferences brlbs-cmpnt-container\" data-borlabs-cookie-title=\"Cookie-param\u00e8tres\" data-borlabs-cookie-type=\"button\" ><\/span>\n<h5><strong>a) Cookies de session<\/strong><\/h5>\n<p>Nous utilisons des cookies sur notre site. Les cookies sont de petits fichiers texte, ou d\u2019autres technologies de stockage, d\u00e9pos\u00e9s et stock\u00e9s sur votre appareil par le navigateur que vous utilisez. Ces cookies traitent certaines informations vous concernant, telles que votre navigateur, votre emplacement ou votre adresse IP.<\/p>\n<p>Ce traitement rend notre site plus convivial, efficace et s\u00e9curis\u00e9, car il nous permet, par exemple, de reproduire notre site dans diff\u00e9rentes langues ou d\u2019offrir une fonction de panier d\u2019achat.<\/p>\n<p>La base juridique de ce traitement est l\u2019Art. 6, paragraphe 1, point b.) du RGPD, dans la mesure o\u00f9 ces cookies sont utilis\u00e9s pour traiter ou ex\u00e9cuter le contrat.<\/p>\n<p>Lorsque le traitement des donn\u00e9es ne sert pas \u00e0 traiter ou ex\u00e9cuter le contrat, notre int\u00e9r\u00eat l\u00e9gitime r\u00e9side dans l\u2019am\u00e9lioration de la fonctionnalit\u00e9 de notre site. La base juridique est alors l\u2019art. 6, paragraphe 1, point f) du RGPD.<\/p>\n<p>Lorsque vous fermez votre navigateur, les cookies sont supprim\u00e9s.<\/p>\n<h5><strong>b) Cookies de prestataires tiers<\/strong><\/h5>\n<p>Notre site utilise \u00e9galement, si n\u00e9cessaire, des cookies de soci\u00e9t\u00e9s partenaires avec lesquelles nous coop\u00e9rons \u00e0 des fins de publicit\u00e9, d\u2019analyse ou de fonctionnement de notre site.<\/p>\n<p>Si vous souhaitez obtenir de plus amples informations, en particulier sur les objectifs et les bases juridiques du traitement de ces cookies de prestataires tiers, veuillez vous reporter aux informations ci-dessous.<\/p>\n<h5><strong>c) Mesures de suppression<\/strong><\/h5>\n<p>Il est possible d\u2019emp\u00eacher ou de limiter l\u2019installation des cookies en param\u00e9trant votre navigateur. Il est \u00e9galement possible de supprimer les cookies sauvegard\u00e9s pr\u00e9c\u00e9demment \u00e0 tout moment. Les \u00e9tapes et les mesures n\u00e9cessaires d\u00e9pendent toutefois de votre navigateur. Si vous vous posez des questions, utilisez la fonction d\u2019aide ou la documentation de votre navigateur, ou contactez le fabricant ou l\u2019assistance. Avec les cookies Flash, il n\u2019est cependant pas possible d\u2019emp\u00eacher le traitement en param\u00e9trant votre navigateur. Dans ce cas, vous devez modifier les param\u00e8tres de votre lecteur Flash. Les \u00e9tapes et les mesures n\u00e9cessaires d\u00e9pendent toutefois de votre lecteur Flash. Si vous vous posez des questions, utilisez la fonction d\u2019aide ou la documentation de votre lecteur Flash, ou contactez le fabricant ou l\u2019assistance.<\/p>\n<p>Si vous emp\u00eachez ou restreignez l\u2019installation des cookies, il est possible que vous ne puissiez pas utiliser pleinement toutes les fonctions de notre site.<\/p>\n<h4>Demandes\/possibilit\u00e9s de contact<\/h4>\n<p>Si vous nous contactez via un formulaire de contact ou par e-mail, les donn\u00e9es fournies seront utilis\u00e9es pour traiter votre demande. Fournir ces donn\u00e9es est n\u00e9cessaire pour traiter votre demande et y r\u00e9pondre : si vous ne les fournissez pas, nous ne pourrons pas r\u00e9pondre ou y r\u00e9pondrons, au mieux, dans la mesure du possible.<br \/>\nLa base juridique pour ce traitement est l\u2019Art. 6, paragraphe 1, point b) du RGPD.<br \/>\nVos donn\u00e9es seront par la suite supprim\u00e9es, \u00e0 condition que nous ayons r\u00e9pondu \u00e0 votre demande et que la suppression ne viole pas les exigences de conservation l\u00e9gales, par exemple, pour ex\u00e9cuter un contrat ult\u00e9rieurement.<\/p>\n<h4>Postuler \u00e0 un emploi en ligne\/publication d\u2019offres d\u2019emploi<\/h4>\n<p>Nous vous offrons la possibilit\u00e9 de postuler \u00e0 un emploi via notre site. Lorsque vous postulez num\u00e9riquement, nous collectons et traitons \u00e9lectroniquement les donn\u00e9es relatives \u00e0 votre demande et \u00e0 votre candidature.<\/p>\n<p>La base juridique pour ce traitement est le paragraphe 26, alin\u00e9a 1, r\u00e8gle 1 de la BDSG ou l\u2019Art. 88, paragraphe 1 du RGPD.<\/p>\n<p>Si nous concluons un contrat de travail suite \u00e0 la proc\u00e9dure de candidature, nous enregistrons dans votre dossier personnel les donn\u00e9es fournies dans la candidature afin de respecter les proc\u00e9dures organisationnelle et administrative normales. Tout en tenant s\u00fbr compte des obligations l\u00e9gales suppl\u00e9mentaires.<\/p>\n<p>La base juridique pour ce traitement est \u00e9galement le paragraphe 26, alin\u00e9a 1, r\u00e8gle 1 de la BDSG ou l\u2019Art. 88, paragraphe 1 du RGPD.<\/p>\n<p>Lors du rejet d\u2019une candidature, nous supprimerons automatiquement les donn\u00e9es soumises deux mois apr\u00e8s avoir notifi\u00e9 le rejet. Toutefois, la suppression n\u2019est pas effectu\u00e9e si, en raison de dispositions l\u00e9gales (par exemple obligation de preuve impos\u00e9es par l\u2019AGG), les donn\u00e9es n\u00e9cessitent une p\u00e9riode de stockage plus longue allant jusqu\u2019\u00e0 quatre mois ou jusqu\u2019\u00e0 ce qu\u2019une proc\u00e9dure judiciaire soit achev\u00e9e.<\/p>\n<p>La base juridique est alors l\u2019Art. 6, paragraphe 1, point f) du RGPD et le paragraphe 24, alin\u00e9a 1, r\u00e8gle 2 de la BDSG. Notre int\u00e9r\u00eat l\u00e9gitime r\u00e9side dans la n\u00e9cessit\u00e9 de nous d\u00e9fendre juridiquement et de l\u2019application de la l\u00e9gislation.<\/p>\n<p>Si vous acceptez express\u00e9ment un stockage plus long de vos donn\u00e9es, par exemple pour \u00eatre inclus dans une base de donn\u00e9es de candidats ou de parties int\u00e9ress\u00e9es, vos donn\u00e9es sont ensuite trait\u00e9es sur la base de votre consentement. La base juridique est alors l\u2019Art. 6, paragraphe 1, point a) du RGPD. Vous pouvez bien \u00e9videmment retirer votre consentement quand vous le souhaitez, conform\u00e9ment \u00e0 l\u2019Art. 7, paragraphe 3, du RGPD. L\u2019effet de cette r\u00e9tractation n\u2019est pas r\u00e9troactif.<\/p>\n<h4>Vimeo<\/h4>\n<p>Pour la pr\u00e9sentation de vid\u00e9os, nous utilisons \u00ab\u00a0Vimeo\u00a0\u00bb sur notre site. Vimeo est un service de Vimeo, LL C, 555 West 18 th Street, New York, New York 10011, USA, ci-apr\u00e8s d\u00e9nomm\u00e9 \u00ab\u00a0Vimeo\u00a0\u00bb.<\/p>\n<p>Le traitement des donn\u00e9es utilisateur est en partie r\u00e9alis\u00e9 sur les serveurs de Vimeo aux \u00c9tats-Unis. En \u00e9tant certifi\u00e9 sous le bouclier de protection de la vie priv\u00e9e UE-\u00c9tats-Unis (\u00ab\u00a0EU-US Privacy Shield\u00a0\u00bb),<\/p>\n<p><a href=\"https:\/\/www.privacyshield.gov\/participant?id=a2zt00000008V77AAE&amp;status=Active\" target=\"_blank\" rel=\"noopener noreferrer\">https:\/\/www.privacyshield.gov\/participant?id=a2zt00000008V77AAE&amp;status=Active<\/a><\/p>\n<p>Vimeo garantit le respect des normes europ\u00e9ennes en mati\u00e8re de protection des donn\u00e9es, notamment lors du traitement de donn\u00e9es aux \u00c9tats-Unis.<\/p>\n<p>La base juridique est l\u2019Art. 6, paragraphe 1, point f) du RGPD. Notre int\u00e9r\u00eat l\u00e9gitime r\u00e9side dans l\u2019am\u00e9lioration de la qualit\u00e9 de notre site internet.<\/p>\n<p>Si vous visitez une page de notre site sur laquelle une vid\u00e9o est int\u00e9gr\u00e9e, celle-ci est connect\u00e9e aux serveurs de Vimeo aux \u00c9tats-Unis pour pouvoir \u00eatre affich\u00e9e. Pour des raisons techniques, il est n\u00e9cessaire que Vimeo traite votre adresse IP. De plus, la date et l&rsquo;heure de la visite sur notre site sont \u00e9galement enregistr\u00e9es.<\/p>\n<p>Si vous \u00eates connect\u00e9 \u00e0 Vimeo pendant que vous consultez l\u2019une de nos pages internet contenant une vid\u00e9o Vimeo, Vimeo peut attribuer ces informations \u00e0 votre compte personnel. Si vous souhaitez \u00e9viter que cela ne se produise, vous devez soit vous d\u00e9connecter de Vimeo avant de consulter notre site, soit d\u00e9finir les param\u00e8tres appropri\u00e9s dans votre compte utilisateur Vimeo.<\/p>\n<p>Pour des raisons fonctionnelles et l\u2019analyse de l\u2019utilisation, Vimeo utilise le service d\u2019analyse Web de Google Analytics. Via Google Analytics, des cookies sont stock\u00e9s sur votre appareil via votre navigateur internet et des informations sur l\u2019utilisation de nos pages, dans lesquelles une vid\u00e9o Vimeo est int\u00e9gr\u00e9e, sont envoy\u00e9es \u00e0 Google. Il ne saurait \u00eatre exclu que Google traite ces informations aux \u00c9tats-Unis.<\/p>\n<p>Si vous ne souhaitez pas que ce traitement soit effectu\u00e9, vous pouvez emp\u00eacher l\u2019installation des cookies en param\u00e9trant votre navigateur Internet \u00e0 cet effet. Vous trouverez des informations \u00e0 ce sujet dans la rubrique \u00ab\u00a0Cookies\u00a0\u00bb.<\/p>\n<p>La base juridique est l\u2019Art. 6, paragraphe 1, point f) du RGPD. Notre int\u00e9r\u00eat l\u00e9gitime r\u00e9side dans l\u2019am\u00e9lioration de la qualit\u00e9 de notre site et l\u2019int\u00e9r\u00eat l\u00e9gitime de Vimeo est de r\u00e9aliser des analyses statistiques sur le comportement des utilisateurs \u00e0 des fins d\u2019optimisation et de marketing.<\/p>\n<p>Vimeo offre des informations suppl\u00e9mentaires \u00e0 l\u2019adresse\u00a0:<\/p>\n<p><a href=\"https:\/\/vimeo.com\/privacy\" target=\"_blank\" rel=\"noopener noreferrer\">https:\/\/vimeo.com\/privacy<\/a><\/p>\n<p>de plus amples informations sur la collecte et l\u2019utilisation des donn\u00e9es, vos droits et les moyens de prot\u00e9ger votre vie priv\u00e9e.<\/p>\n<p><a href=\"https:\/\/www.ratgeberrecht.eu\/leistungen\/muster-datenschutzerklaerung.html\" target=\"_blank\" rel=\"noopener noreferrer\">Exemple de politique de confidentialit\u00e9<\/a> du <a href=\"https:\/\/www.ratgeberrecht.eu\/\" target=\"_blank\" rel=\"noopener noreferrer\">cabinet d\u2019avocats Wei\u00df &amp; Partner<\/a><\/p>\n<\/div><div class=\"fusion-clearfix\"><\/div><\/div><\/div><\/div><\/div>\n","protected":false},"excerpt":{"rendered":"","protected":false},"author":1,"featured_media":0,"parent":0,"menu_order":9,"comment_status":"closed","ping_status":"closed","template":"","meta":{"footnotes":""},"class_list":["post-589","page","type-page","status-publish","hentry"],"yoast_head":"<!-- This site is optimized with the Yoast SEO plugin v26.8 - https:\/\/yoast.com\/product\/yoast-seo-wordpress\/ -->\n<title>Politique de confidentialit\u00e9 - Kaiser Fashion Kleinheubach, HAKA Germany<\/title>\n<meta name=\"robots\" content=\"index, follow, max-snippet:-1, max-image-preview:large, max-video-preview:-1\" \/>\n<link rel=\"canonical\" href=\"https:\/\/www.kaiser-fashion.de\/fr\/politique-de-confidentialite\/\" \/>\n<meta property=\"og:locale\" content=\"fr_FR\" \/>\n<meta property=\"og:type\" content=\"article\" \/>\n<meta property=\"og:title\" content=\"Politique de confidentialit\u00e9 - Kaiser Fashion Kleinheubach, HAKA Germany\" \/>\n<meta property=\"og:url\" content=\"https:\/\/www.kaiser-fashion.de\/fr\/politique-de-confidentialite\/\" \/>\n<meta property=\"og:site_name\" content=\"Kaiser Fashion Kleinheubach, HAKA Germany\" \/>\n<meta property=\"article:modified_time\" content=\"2019-12-27T08:59:05+00:00\" \/>\n<meta name=\"twitter:card\" content=\"summary_large_image\" \/>\n<meta name=\"twitter:label1\" content=\"Dur\u00e9e de lecture estim\u00e9e\" \/>\n\t<meta name=\"twitter:data1\" content=\"12 minutes\" \/>\n<script type=\"application\/ld+json\" class=\"yoast-schema-graph\">{\"@context\":\"https:\/\/schema.org\",\"@graph\":[{\"@type\":\"WebPage\",\"@id\":\"https:\/\/www.kaiser-fashion.de\/fr\/politique-de-confidentialite\/\",\"url\":\"https:\/\/www.kaiser-fashion.de\/fr\/politique-de-confidentialite\/\",\"name\":\"Politique de confidentialit\u00e9 - Kaiser Fashion Kleinheubach, HAKA Germany\",\"isPartOf\":{\"@id\":\"https:\/\/www.kaiser-fashion.de\/#website\"},\"datePublished\":\"2018-06-02T05:21:10+00:00\",\"dateModified\":\"2019-12-27T08:59:05+00:00\",\"breadcrumb\":{\"@id\":\"https:\/\/www.kaiser-fashion.de\/fr\/politique-de-confidentialite\/#breadcrumb\"},\"inLanguage\":\"fr-FR\",\"potentialAction\":[{\"@type\":\"ReadAction\",\"target\":[\"https:\/\/www.kaiser-fashion.de\/fr\/politique-de-confidentialite\/\"]}]},{\"@type\":\"BreadcrumbList\",\"@id\":\"https:\/\/www.kaiser-fashion.de\/fr\/politique-de-confidentialite\/#breadcrumb\",\"itemListElement\":[{\"@type\":\"ListItem\",\"position\":1,\"name\":\"Startseite\",\"item\":\"https:\/\/www.kaiser-fashion.de\/fr\/\"},{\"@type\":\"ListItem\",\"position\":2,\"name\":\"Politique de confidentialit\u00e9\"}]},{\"@type\":\"WebSite\",\"@id\":\"https:\/\/www.kaiser-fashion.de\/#website\",\"url\":\"https:\/\/www.kaiser-fashion.de\/\",\"name\":\"Kaiser Fashion Kleinheubach, HAKA Germany\",\"description\":\"HAKA Hersteller: Entwicklung, Produktion und Logistik\",\"publisher\":{\"@id\":\"https:\/\/www.kaiser-fashion.de\/#organization\"},\"potentialAction\":[{\"@type\":\"SearchAction\",\"target\":{\"@type\":\"EntryPoint\",\"urlTemplate\":\"https:\/\/www.kaiser-fashion.de\/?s={search_term_string}\"},\"query-input\":{\"@type\":\"PropertyValueSpecification\",\"valueRequired\":true,\"valueName\":\"search_term_string\"}}],\"inLanguage\":\"fr-FR\"},{\"@type\":\"Organization\",\"@id\":\"https:\/\/www.kaiser-fashion.de\/#organization\",\"name\":\"Kaiser Bekleidungs-GmbH\",\"url\":\"https:\/\/www.kaiser-fashion.de\/\",\"logo\":{\"@type\":\"ImageObject\",\"inLanguage\":\"fr-FR\",\"@id\":\"https:\/\/www.kaiser-fashion.de\/#\/schema\/logo\/image\/\",\"url\":\"https:\/\/www.kaiser-fashion.de\/wp-content\/uploads\/2016\/07\/kaiserlogoweb2016retina.jpg\",\"contentUrl\":\"https:\/\/www.kaiser-fashion.de\/wp-content\/uploads\/2016\/07\/kaiserlogoweb2016retina.jpg\",\"width\":324,\"height\":94,\"caption\":\"Kaiser Bekleidungs-GmbH\"},\"image\":{\"@id\":\"https:\/\/www.kaiser-fashion.de\/#\/schema\/logo\/image\/\"}}]}<\/script>\n<!-- \/ Yoast SEO plugin. -->","yoast_head_json":{"title":"Politique de confidentialit\u00e9 - Kaiser Fashion Kleinheubach, HAKA Germany","robots":{"index":"index","follow":"follow","max-snippet":"max-snippet:-1","max-image-preview":"max-image-preview:large","max-video-preview":"max-video-preview:-1"},"canonical":"https:\/\/www.kaiser-fashion.de\/fr\/politique-de-confidentialite\/","og_locale":"fr_FR","og_type":"article","og_title":"Politique de confidentialit\u00e9 - Kaiser Fashion Kleinheubach, HAKA Germany","og_url":"https:\/\/www.kaiser-fashion.de\/fr\/politique-de-confidentialite\/","og_site_name":"Kaiser Fashion Kleinheubach, HAKA Germany","article_modified_time":"2019-12-27T08:59:05+00:00","twitter_card":"summary_large_image","twitter_misc":{"Dur\u00e9e de lecture estim\u00e9e":"12 minutes"},"schema":{"@context":"https:\/\/schema.org","@graph":[{"@type":"WebPage","@id":"https:\/\/www.kaiser-fashion.de\/fr\/politique-de-confidentialite\/","url":"https:\/\/www.kaiser-fashion.de\/fr\/politique-de-confidentialite\/","name":"Politique de confidentialit\u00e9 - Kaiser Fashion Kleinheubach, HAKA Germany","isPartOf":{"@id":"https:\/\/www.kaiser-fashion.de\/#website"},"datePublished":"2018-06-02T05:21:10+00:00","dateModified":"2019-12-27T08:59:05+00:00","breadcrumb":{"@id":"https:\/\/www.kaiser-fashion.de\/fr\/politique-de-confidentialite\/#breadcrumb"},"inLanguage":"fr-FR","potentialAction":[{"@type":"ReadAction","target":["https:\/\/www.kaiser-fashion.de\/fr\/politique-de-confidentialite\/"]}]},{"@type":"BreadcrumbList","@id":"https:\/\/www.kaiser-fashion.de\/fr\/politique-de-confidentialite\/#breadcrumb","itemListElement":[{"@type":"ListItem","position":1,"name":"Startseite","item":"https:\/\/www.kaiser-fashion.de\/fr\/"},{"@type":"ListItem","position":2,"name":"Politique de confidentialit\u00e9"}]},{"@type":"WebSite","@id":"https:\/\/www.kaiser-fashion.de\/#website","url":"https:\/\/www.kaiser-fashion.de\/","name":"Kaiser Fashion Kleinheubach, HAKA Germany","description":"HAKA Hersteller: Entwicklung, Produktion und Logistik","publisher":{"@id":"https:\/\/www.kaiser-fashion.de\/#organization"},"potentialAction":[{"@type":"SearchAction","target":{"@type":"EntryPoint","urlTemplate":"https:\/\/www.kaiser-fashion.de\/?s={search_term_string}"},"query-input":{"@type":"PropertyValueSpecification","valueRequired":true,"valueName":"search_term_string"}}],"inLanguage":"fr-FR"},{"@type":"Organization","@id":"https:\/\/www.kaiser-fashion.de\/#organization","name":"Kaiser Bekleidungs-GmbH","url":"https:\/\/www.kaiser-fashion.de\/","logo":{"@type":"ImageObject","inLanguage":"fr-FR","@id":"https:\/\/www.kaiser-fashion.de\/#\/schema\/logo\/image\/","url":"https:\/\/www.kaiser-fashion.de\/wp-content\/uploads\/2016\/07\/kaiserlogoweb2016retina.jpg","contentUrl":"https:\/\/www.kaiser-fashion.de\/wp-content\/uploads\/2016\/07\/kaiserlogoweb2016retina.jpg","width":324,"height":94,"caption":"Kaiser Bekleidungs-GmbH"},"image":{"@id":"https:\/\/www.kaiser-fashion.de\/#\/schema\/logo\/image\/"}}]}},"_links":{"self":[{"href":"https:\/\/www.kaiser-fashion.de\/fr\/wp-json\/wp\/v2\/pages\/589","targetHints":{"allow":["GET"]}}],"collection":[{"href":"https:\/\/www.kaiser-fashion.de\/fr\/wp-json\/wp\/v2\/pages"}],"about":[{"href":"https:\/\/www.kaiser-fashion.de\/fr\/wp-json\/wp\/v2\/types\/page"}],"author":[{"embeddable":true,"href":"https:\/\/www.kaiser-fashion.de\/fr\/wp-json\/wp\/v2\/users\/1"}],"replies":[{"embeddable":true,"href":"https:\/\/www.kaiser-fashion.de\/fr\/wp-json\/wp\/v2\/comments?post=589"}],"version-history":[{"count":20,"href":"https:\/\/www.kaiser-fashion.de\/fr\/wp-json\/wp\/v2\/pages\/589\/revisions"}],"predecessor-version":[{"id":791,"href":"https:\/\/www.kaiser-fashion.de\/fr\/wp-json\/wp\/v2\/pages\/589\/revisions\/791"}],"wp:attachment":[{"href":"https:\/\/www.kaiser-fashion.de\/fr\/wp-json\/wp\/v2\/media?parent=589"}],"curies":[{"name":"wp","href":"https:\/\/api.w.org\/{rel}","templated":true}]}}