{"id":483,"date":"2016-07-26T10:10:50","date_gmt":"2016-07-26T10:10:50","guid":{"rendered":"https:\/\/www.kaiser-fashion.de\/company-2\/jobs"},"modified":"2023-02-17T12:56:09","modified_gmt":"2023-02-17T11:56:09","slug":"stellenangebote-2-2","status":"publish","type":"page","link":"https:\/\/www.kaiser-fashion.de\/en\/company-2-2\/stellenangebote-2-2\/","title":{"rendered":"STELLENANGEBOTE"},"content":{"rendered":"<p><div class=\"fusion-fullwidth fullwidth-box fusion-builder-row-1 hundred-percent-fullwidth non-hundred-percent-height-scrolling\" style=\"--awb-border-radius-top-left:0px;--awb-border-radius-top-right:0px;--awb-border-radius-bottom-right:0px;--awb-border-radius-bottom-left:0px;--awb-overflow:visible;--awb-flex-wrap:wrap;\" ><div class=\"fusion-builder-row fusion-row\"><div class=\"fusion-layout-column fusion_builder_column fusion-builder-column-0 fusion_builder_column_1_1 1_1 fusion-one-full fusion-column-first fusion-column-last fusion-column-no-min-height\" style=\"--awb-bg-size:cover;--awb-margin-bottom:0px;\"><div class=\"fusion-column-wrapper fusion-flex-column-wrapper-legacy\"><div class=\"fusion-title title fusion-title-1 sep-underline sep-solid fusion-title-text fusion-title-size-two\"><h2 class=\"fusion-title-heading title-heading-left\" style=\"margin:0;\">Stellenangebote<\/h2><\/div><div class=\"fusion-clearfix\"><\/div><\/div><\/div><\/div><\/div><div class=\"fusion-fullwidth fullwidth-box fusion-builder-row-2 nonhundred-percent-fullwidth non-hundred-percent-height-scrolling\" style=\"--awb-background-position:left top;--awb-border-sizes-top:0px;--awb-border-sizes-bottom:0px;--awb-border-sizes-left:0px;--awb-border-sizes-right:0px;--awb-border-radius-top-left:0px;--awb-border-radius-top-right:0px;--awb-border-radius-bottom-right:0px;--awb-border-radius-bottom-left:0px;--awb-padding-top:20px;--awb-padding-bottom:20px;--awb-flex-wrap:wrap;\" ><div class=\"fusion-builder-row fusion-row\"><div class=\"fusion-layout-column fusion_builder_column fusion-builder-column-1 fusion_builder_column_2_3 2_3 fusion-two-third fusion-column-first\" style=\"--awb-bg-size:cover;width:65.3333%; margin-right: 4%;\"><div class=\"fusion-column-wrapper fusion-flex-column-wrapper-legacy\"><div class=\"fusion-text fusion-text-1\"><p>Kaiser ist ein weltweit operierendes, mittelst\u00e4ndisches Unternehmen im Bereich der Fashionindustrie. Unsere strategische Ausrichtung konzentriert sich auf die systematische Betreuung und Belieferung von Gro\u00dfkunden in Deutschland und im europ\u00e4ischen Ausland. Seit \u00fcber 30 Jahren bieten wir ma\u00dfgeschneiderte, umfassende Konzepte, die unsere Kunden in den Bereichen Kreativit\u00e4t und Entwicklung, Produktion und Logistik unterst\u00fctzen.<\/p>\n<p><strong>Wir suchen:<\/strong><\/p>\n<\/div><div class=\"fusion-clearfix\"><\/div><\/div><\/div><\/div><\/div><div class=\"fusion-fullwidth fullwidth-box fusion-builder-row-3 nonhundred-percent-fullwidth non-hundred-percent-height-scrolling\" style=\"--awb-background-position:left top;--awb-border-sizes-top:0px;--awb-border-sizes-bottom:0px;--awb-border-sizes-left:0px;--awb-border-sizes-right:0px;--awb-border-radius-top-left:0px;--awb-border-radius-top-right:0px;--awb-border-radius-bottom-right:0px;--awb-border-radius-bottom-left:0px;--awb-padding-top:20px;--awb-padding-bottom:20px;--awb-flex-wrap:wrap;\" ><div class=\"fusion-builder-row fusion-row\"><div class=\"fusion-layout-column fusion_builder_column fusion-builder-column-2 fusion_builder_column_1_1 1_1 fusion-one-full fusion-column-first fusion-column-last\" style=\"--awb-bg-size:cover;\"><div class=\"fusion-column-wrapper fusion-column-has-shadow fusion-flex-column-wrapper-legacy\"> <div id=\"psJobWidget\"><\/div>\n    <script src=\"https:\/\/kaiser-bekleidungs-gmbh.jobbase.io\/widget\/iframe.js\"><\/script>\n <div class=\"fusion-clearfix\"><\/div><\/div><\/div><\/div><\/div><div class=\"fusion-fullwidth fullwidth-box fusion-builder-row-4 nonhundred-percent-fullwidth non-hundred-percent-height-scrolling\" style=\"--awb-background-position:left top;--awb-border-sizes-top:0px;--awb-border-sizes-bottom:0px;--awb-border-sizes-left:0px;--awb-border-sizes-right:0px;--awb-border-radius-top-left:0px;--awb-border-radius-top-right:0px;--awb-border-radius-bottom-right:0px;--awb-border-radius-bottom-left:0px;--awb-padding-top:20px;--awb-padding-bottom:20px;--awb-flex-wrap:wrap;\" ><div class=\"fusion-builder-row fusion-row\"><\/div><\/div><\/p>\n","protected":false},"excerpt":{"rendered":"","protected":false},"author":1,"featured_media":0,"parent":52,"menu_order":2,"comment_status":"closed","ping_status":"closed","template":"","meta":{"footnotes":""},"class_list":["post-483","page","type-page","status-publish","hentry"],"yoast_head":"<!-- This site is optimized with the Yoast SEO plugin v26.8 - https:\/\/yoast.com\/product\/yoast-seo-wordpress\/ -->\n<title>STELLENANGEBOTE - Kaiser Fashion Kleinheubach, HAKA Germany<\/title>\n<meta name=\"robots\" content=\"index, follow, max-snippet:-1, max-image-preview:large, max-video-preview:-1\" \/>\n<link rel=\"canonical\" href=\"https:\/\/www.kaiser-fashion.de\/en\/company-2-2\/stellenangebote-2-2\/\" \/>\n<meta property=\"og:locale\" content=\"en_US\" \/>\n<meta property=\"og:type\" content=\"article\" \/>\n<meta property=\"og:title\" content=\"STELLENANGEBOTE - Kaiser Fashion Kleinheubach, HAKA Germany\" \/>\n<meta property=\"og:url\" content=\"https:\/\/www.kaiser-fashion.de\/en\/company-2-2\/stellenangebote-2-2\/\" \/>\n<meta property=\"og:site_name\" content=\"Kaiser Fashion Kleinheubach, HAKA Germany\" \/>\n<meta property=\"article:modified_time\" content=\"2023-02-17T11:56:09+00:00\" \/>\n<meta name=\"twitter:card\" content=\"summary_large_image\" \/>\n<meta name=\"twitter:label1\" content=\"Est. reading time\" \/>\n\t<meta name=\"twitter:data1\" content=\"8 minutes\" \/>\n<script type=\"application\/ld+json\" class=\"yoast-schema-graph\">{\"@context\":\"https:\/\/schema.org\",\"@graph\":[{\"@type\":\"WebPage\",\"@id\":\"https:\/\/www.kaiser-fashion.de\/en\/company-2-2\/stellenangebote-2-2\/\",\"url\":\"https:\/\/www.kaiser-fashion.de\/en\/company-2-2\/stellenangebote-2-2\/\",\"name\":\"STELLENANGEBOTE - Kaiser Fashion Kleinheubach, HAKA Germany\",\"isPartOf\":{\"@id\":\"https:\/\/www.kaiser-fashion.de\/#website\"},\"datePublished\":\"2016-07-26T10:10:50+00:00\",\"dateModified\":\"2023-02-17T11:56:09+00:00\",\"breadcrumb\":{\"@id\":\"https:\/\/www.kaiser-fashion.de\/en\/company-2-2\/stellenangebote-2-2\/#breadcrumb\"},\"inLanguage\":\"en-US\",\"potentialAction\":[{\"@type\":\"ReadAction\",\"target\":[\"https:\/\/www.kaiser-fashion.de\/en\/company-2-2\/stellenangebote-2-2\/\"]}]},{\"@type\":\"BreadcrumbList\",\"@id\":\"https:\/\/www.kaiser-fashion.de\/en\/company-2-2\/stellenangebote-2-2\/#breadcrumb\",\"itemListElement\":[{\"@type\":\"ListItem\",\"position\":1,\"name\":\"Startseite\",\"item\":\"https:\/\/www.kaiser-fashion.de\/en\/\"},{\"@type\":\"ListItem\",\"position\":2,\"name\":\"COMPANY\",\"item\":\"https:\/\/www.kaiser-fashion.de\/en\/\"},{\"@type\":\"ListItem\",\"position\":3,\"name\":\"STELLENANGEBOTE\"}]},{\"@type\":\"WebSite\",\"@id\":\"https:\/\/www.kaiser-fashion.de\/#website\",\"url\":\"https:\/\/www.kaiser-fashion.de\/\",\"name\":\"Kaiser Fashion Kleinheubach, HAKA Germany\",\"description\":\"HAKA Hersteller: Entwicklung, Produktion und Logistik\",\"publisher\":{\"@id\":\"https:\/\/www.kaiser-fashion.de\/#organization\"},\"potentialAction\":[{\"@type\":\"SearchAction\",\"target\":{\"@type\":\"EntryPoint\",\"urlTemplate\":\"https:\/\/www.kaiser-fashion.de\/?s={search_term_string}\"},\"query-input\":{\"@type\":\"PropertyValueSpecification\",\"valueRequired\":true,\"valueName\":\"search_term_string\"}}],\"inLanguage\":\"en-US\"},{\"@type\":\"Organization\",\"@id\":\"https:\/\/www.kaiser-fashion.de\/#organization\",\"name\":\"Kaiser Bekleidungs-GmbH\",\"url\":\"https:\/\/www.kaiser-fashion.de\/\",\"logo\":{\"@type\":\"ImageObject\",\"inLanguage\":\"en-US\",\"@id\":\"https:\/\/www.kaiser-fashion.de\/#\/schema\/logo\/image\/\",\"url\":\"https:\/\/www.kaiser-fashion.de\/wp-content\/uploads\/2016\/07\/kaiserlogoweb2016retina.jpg\",\"contentUrl\":\"https:\/\/www.kaiser-fashion.de\/wp-content\/uploads\/2016\/07\/kaiserlogoweb2016retina.jpg\",\"width\":324,\"height\":94,\"caption\":\"Kaiser Bekleidungs-GmbH\"},\"image\":{\"@id\":\"https:\/\/www.kaiser-fashion.de\/#\/schema\/logo\/image\/\"}}]}<\/script>\n<!-- \/ Yoast SEO plugin. -->","yoast_head_json":{"title":"STELLENANGEBOTE - Kaiser Fashion Kleinheubach, HAKA Germany","robots":{"index":"index","follow":"follow","max-snippet":"max-snippet:-1","max-image-preview":"max-image-preview:large","max-video-preview":"max-video-preview:-1"},"canonical":"https:\/\/www.kaiser-fashion.de\/en\/company-2-2\/stellenangebote-2-2\/","og_locale":"en_US","og_type":"article","og_title":"STELLENANGEBOTE - Kaiser Fashion Kleinheubach, HAKA Germany","og_url":"https:\/\/www.kaiser-fashion.de\/en\/company-2-2\/stellenangebote-2-2\/","og_site_name":"Kaiser Fashion Kleinheubach, HAKA Germany","article_modified_time":"2023-02-17T11:56:09+00:00","twitter_card":"summary_large_image","twitter_misc":{"Est. reading time":"8 minutes"},"schema":{"@context":"https:\/\/schema.org","@graph":[{"@type":"WebPage","@id":"https:\/\/www.kaiser-fashion.de\/en\/company-2-2\/stellenangebote-2-2\/","url":"https:\/\/www.kaiser-fashion.de\/en\/company-2-2\/stellenangebote-2-2\/","name":"STELLENANGEBOTE - Kaiser Fashion Kleinheubach, HAKA Germany","isPartOf":{"@id":"https:\/\/www.kaiser-fashion.de\/#website"},"datePublished":"2016-07-26T10:10:50+00:00","dateModified":"2023-02-17T11:56:09+00:00","breadcrumb":{"@id":"https:\/\/www.kaiser-fashion.de\/en\/company-2-2\/stellenangebote-2-2\/#breadcrumb"},"inLanguage":"en-US","potentialAction":[{"@type":"ReadAction","target":["https:\/\/www.kaiser-fashion.de\/en\/company-2-2\/stellenangebote-2-2\/"]}]},{"@type":"BreadcrumbList","@id":"https:\/\/www.kaiser-fashion.de\/en\/company-2-2\/stellenangebote-2-2\/#breadcrumb","itemListElement":[{"@type":"ListItem","position":1,"name":"Startseite","item":"https:\/\/www.kaiser-fashion.de\/en\/"},{"@type":"ListItem","position":2,"name":"COMPANY","item":"https:\/\/www.kaiser-fashion.de\/en\/"},{"@type":"ListItem","position":3,"name":"STELLENANGEBOTE"}]},{"@type":"WebSite","@id":"https:\/\/www.kaiser-fashion.de\/#website","url":"https:\/\/www.kaiser-fashion.de\/","name":"Kaiser Fashion Kleinheubach, HAKA Germany","description":"HAKA Hersteller: Entwicklung, Produktion und Logistik","publisher":{"@id":"https:\/\/www.kaiser-fashion.de\/#organization"},"potentialAction":[{"@type":"SearchAction","target":{"@type":"EntryPoint","urlTemplate":"https:\/\/www.kaiser-fashion.de\/?s={search_term_string}"},"query-input":{"@type":"PropertyValueSpecification","valueRequired":true,"valueName":"search_term_string"}}],"inLanguage":"en-US"},{"@type":"Organization","@id":"https:\/\/www.kaiser-fashion.de\/#organization","name":"Kaiser Bekleidungs-GmbH","url":"https:\/\/www.kaiser-fashion.de\/","logo":{"@type":"ImageObject","inLanguage":"en-US","@id":"https:\/\/www.kaiser-fashion.de\/#\/schema\/logo\/image\/","url":"https:\/\/www.kaiser-fashion.de\/wp-content\/uploads\/2016\/07\/kaiserlogoweb2016retina.jpg","contentUrl":"https:\/\/www.kaiser-fashion.de\/wp-content\/uploads\/2016\/07\/kaiserlogoweb2016retina.jpg","width":324,"height":94,"caption":"Kaiser Bekleidungs-GmbH"},"image":{"@id":"https:\/\/www.kaiser-fashion.de\/#\/schema\/logo\/image\/"}}]}},"_links":{"self":[{"href":"https:\/\/www.kaiser-fashion.de\/en\/wp-json\/wp\/v2\/pages\/483","targetHints":{"allow":["GET"]}}],"collection":[{"href":"https:\/\/www.kaiser-fashion.de\/en\/wp-json\/wp\/v2\/pages"}],"about":[{"href":"https:\/\/www.kaiser-fashion.de\/en\/wp-json\/wp\/v2\/types\/page"}],"author":[{"embeddable":true,"href":"https:\/\/www.kaiser-fashion.de\/en\/wp-json\/wp\/v2\/users\/1"}],"replies":[{"embeddable":true,"href":"https:\/\/www.kaiser-fashion.de\/en\/wp-json\/wp\/v2\/comments?post=483"}],"version-history":[{"count":20,"href":"https:\/\/www.kaiser-fashion.de\/en\/wp-json\/wp\/v2\/pages\/483\/revisions"}],"predecessor-version":[{"id":3727,"href":"https:\/\/www.kaiser-fashion.de\/en\/wp-json\/wp\/v2\/pages\/483\/revisions\/3727"}],"up":[{"embeddable":true,"href":"https:\/\/www.kaiser-fashion.de\/en\/wp-json\/wp\/v2\/pages\/52"}],"wp:attachment":[{"href":"https:\/\/www.kaiser-fashion.de\/en\/wp-json\/wp\/v2\/media?parent=483"}],"curies":[{"name":"wp","href":"https:\/\/api.w.org\/{rel}","templated":true}]}}